{"id":1345,"date":"2016-09-10T17:09:16","date_gmt":"2016-09-10T15:09:16","guid":{"rendered":"https:\/\/beachandsunsethouse.com\/sl\/?page_id=1345"},"modified":"2016-09-10T17:09:16","modified_gmt":"2016-09-10T15:09:16","slug":"nastanitev","status":"publish","type":"page","link":"https:\/\/beachandsunsethouse.com\/sl\/nastanitev\/","title":{"rendered":"Nastanitev"},"content":{"rendered":"<div class=\"wpb-content-wrapper\"><p>[vc_row top_padding=&#8221;186px&#8221; bottom_padding=&#8221;196px&#8221; bk_element=&#8221;image&#8221; preload_bk=&#8221;yes&#8221; bg_image=&#8221;246&#8243;][vc_column width=&#8221;1\/1&#8243;]<div class=\"prk_shortcode-title prk_break_word verve_center_align h1_sized\"><div class=\"header_font zero_color prk_vc_title\" style=\"color:#0ab6d1;text-shadow:0px 0px 1px rgba(10, 182, 209,0.2);\"><h1 style=\"font-weight:700;\">NASTANITEV<\/h1><\/div><div class=\"clearfix\"><\/div><\/div><div class=\"prk_shortcode-title prk_break_word verve_center_align h5_sized\"><div class=\"header_font zero_color prk_vc_title\" style=\"color:#ffffff;text-shadow:0px 0px 1px rgba(255, 255, 255,0.2);\"><h5 style=\"font-weight:600;\">Trenutno razpolagamo s pet apartmajev v dve hi\u0161i, kjer se vse skupaj lahko nastani 24 oseb. <\/h5><\/div><div class=\"clearfix\"><\/div><\/div>[\/vc_column][\/vc_row][vc_row top_padding=&#8221;72px&#8221;][vc_column width=&#8221;1\/2&#8243;][vc_column_text]<strong><em>Beach House- <\/em><\/strong>tako kot ji ime pove, Beach House se nahaja ob sami pla\u017ei, oddaljena le nekaj metrov od kristalno \u010distega morja. Trenutno oddajamo le en apartma v kateri se lahko nastani 6 oseb.<\/p>\n<p><strong><em>Sunset House-\u00a0 <\/em><\/strong>Kako bi na\u0161im gostom i njihovim prijateljem ponujali dodatno storitev, smo kupili \u0161e eno hi\u0161o s \u0161tiri apartmaja, ki je od Beach House oddaljena sto metrov.<\/p>\n<p>Ker na\u0161im gostom ponujamo najvi\u0161jo nastanitveno storitev, vsi na\u0161i apartmaji so opremljeni s klimo, gospodinjski aparati, internetom, SATTV, vrtnim \u017earom in parkirinim prostorom v dvori\u0161\u010du.[\/vc_column_text][\/vc_column][vc_column width=&#8221;1\/2&#8243;][vc_column_text]Kako se bi na\u0161 gost med po\u010ditnicami po\u010dutil prijetno, pripravljeni smo izpolniti njegove najzahtevnej\u0161e zahteve, kot so izleti z izletni\u0161kom ladjom na bli\u017enje otoke, pomo\u010d pri odhodu na NP Plitvi\u010dka jezera, dogovor zajtrka, polu ali polnega penziona v bli\u017enjih re\u0161tavracijah, organizacija profesionalne masa\u017ee v va\u0161i nastanitvi in veliko drugih stvari.<\/p>\n<p>Vabimo vas, da odkrijete Klenovicu, mali turisti\u010dni kraj, kjer boste do\u017eiveli popolnoma druga\u010den oddih kot v velikih mest in resortov.[\/vc_column_text][\/vc_column][\/vc_row][vc_row top_padding=&#8221;60px&#8221; bottom_padding=&#8221;60px&#8221;][vc_column width=&#8221;1\/3&#8243;][vc_column_text][apb_check_available departure=&#8221;on&#8221; night=&#8221;on&#8221; room_type=&#8221;on&#8221; multi_room=&#8221;on&#8221; style=&#8221;vertical&#8221;][\/vc_column_text][\/vc_column][vc_column width=&#8221;2\/3&#8243;][vc_row_inner][vc_column_inner width=&#8221;1\/2&#8243;][vc_single_image image=&#8221;160&#8243; img_size=&#8221;full&#8221; onclick=&#8221;custom_link&#8221; link=&#8221;https:\/\/beachandsunsethouse.com\/sl\/apb-room-type\/beach-house-slo\/&#8221;][\/vc_column_inner][vc_column_inner width=&#8221;1\/2&#8243;][vc_custom_heading text=&#8221;BEACH HOUSE&#8221; font_container=&#8221;tag:h4|text_align:left|color:%23000000&#8243; google_fonts=&#8221;font_family:Roboto%3A100%2C100italic%2C300%2C300italic%2Cregular%2Citalic%2C500%2C500italic%2C700%2C700italic%2C900%2C900italic|font_style:500%20bold%20regular%3A500%3Anormal&#8221; link=&#8221;url:https%3A%2F%2Fbeachandsunsethouse.com%2Fsl%2Fapb-room-type%2Fbeach-house-slo%2F|||&#8221; css=&#8221;.vc_custom_1473519927293{padding-top: 0px !important;padding-right: 0px !important;padding-bottom: 20px !important;padding-left: 0px !important;}&#8221;][vc_column_text]Trenutno oddajamo en apartma 60 m2 povr\u0161ine, ki je primeren za 4+2 osebi. Nahaja se ob sami pla\u017ei nekoliko metrov od morja. Sestavljen je iz dve spalni sobi, dnevno sobo s sede\u017eno garnituro s posteljno funkcijo, kuhinje, kopalnice in terase.[\/vc_column_text][\/vc_column_inner][\/vc_row_inner][vc_row_inner top_padding=&#8221;30px&#8221;][vc_column_inner width=&#8221;1\/2&#8243;][vc_single_image image=&#8221;173&#8243; img_size=&#8221;full&#8221; onclick=&#8221;custom_link&#8221; link=&#8221;https:\/\/beachandsunsethouse.com\/sl\/apb-room-type\/sunset-house-apartma-a\/&#8221;][\/vc_column_inner][vc_column_inner width=&#8221;1\/2&#8243;][vc_custom_heading text=&#8221;SUNSET HOUSE APARTMA A&#8221; font_container=&#8221;tag:h4|text_align:left|color:%23000000&#8243; google_fonts=&#8221;font_family:Roboto%3A100%2C100italic%2C300%2C300italic%2Cregular%2Citalic%2C500%2C500italic%2C700%2C700italic%2C900%2C900italic|font_style:500%20bold%20regular%3A500%3Anormal&#8221; link=&#8221;url:https%3A%2F%2Fbeachandsunsethouse.com%2Fsl%2Fapb-room-type%2Fsunset-house-apartma-a%2F|||&#8221; css=&#8221;.vc_custom_1473519960461{padding-bottom: 20px !important;}&#8221;][vc_column_text]Apartma je 44 m2 povr\u0161ine in je prikladen za 2+2 osebi. Sestavljen je iz ene spalne sobe, dnevne sobe s sede\u017eno garnituro s posteljno funkcijo <strong>, <\/strong>kuhinje, kopalnice in terase.[\/vc_column_text][\/vc_column_inner][\/vc_row_inner][vc_row_inner top_padding=&#8221;30px&#8221;][vc_column_inner width=&#8221;1\/2&#8243;][vc_single_image image=&#8221;184&#8243; img_size=&#8221;full&#8221; onclick=&#8221;custom_link&#8221; link=&#8221;https:\/\/beachandsunsethouse.com\/sl\/apb-room-type\/sunset-house-apartma-b\/&#8221;][\/vc_column_inner][vc_column_inner width=&#8221;1\/2&#8243;][vc_custom_heading text=&#8221;SUNSET HOUSE APARTMA B&#8221; font_container=&#8221;tag:h4|text_align:left|color:%23000000&#8243; google_fonts=&#8221;font_family:Roboto%3A100%2C100italic%2C300%2C300italic%2Cregular%2Citalic%2C500%2C500italic%2C700%2C700italic%2C900%2C900italic|font_style:500%20bold%20regular%3A500%3Anormal&#8221; link=&#8221;url:https%3A%2F%2Fbeachandsunsethouse.com%2Fsl%2Fapb-room-type%2Fsunset-house-apartma-b%2F|||&#8221; css=&#8221;.vc_custom_1473520057149{padding-bottom: 20px !important;}&#8221;][vc_column_text]Apartma je 40m2 povr\u0161ine in je prikladen za 2+2 osebi. Sestavljen je iz ene spalne sobe, dnevne sobe s sede\u017eno garnituro s posteljno funkcijo, kuhinje, kopalnice in terase.[\/vc_column_text][\/vc_column_inner][\/vc_row_inner][vc_row_inner top_padding=&#8221;30px&#8221;][vc_column_inner width=&#8221;1\/2&#8243;][vc_single_image image=&#8221;192&#8243; img_size=&#8221;full&#8221; onclick=&#8221;custom_link&#8221; link=&#8221;https:\/\/beachandsunsethouse.com\/sl\/apb-room-type\/sunset-house-apartma-c-studio\/&#8221;][\/vc_column_inner][vc_column_inner width=&#8221;1\/2&#8243;][vc_custom_heading text=&#8221;SUNSET HOUSE APARTMA C STUDIO&#8221; font_container=&#8221;tag:h4|text_align:left|color:%23000000&#8243; google_fonts=&#8221;font_family:Roboto%3A100%2C100italic%2C300%2C300italic%2Cregular%2Citalic%2C500%2C500italic%2C700%2C700italic%2C900%2C900italic|font_style:500%20bold%20regular%3A500%3Anormal&#8221; link=&#8221;url:https%3A%2F%2Fbeachandsunsethouse.com%2Fsl%2Fapb-room-type%2Fsunset-house-apartma-c-studio%2F|||&#8221; css=&#8221;.vc_custom_1473520101364{padding-bottom: 20px !important;}&#8221;][vc_column_text]Apartma je 31m2 povr\u0161ine in je prikladen za 2+2 osebi. Sestavljen je iz spalne sobe, ki je tudi dnevna soba (notri se nahaja postelja za dve osebi in sede\u017ena garnitura s posteljno funkcijo), kuhinje, koplanice, balkona in terase.[\/vc_column_text][\/vc_column_inner][\/vc_row_inner][vc_row_inner top_padding=&#8221;30px&#8221;][vc_column_inner width=&#8221;1\/2&#8243;][vc_single_image image=&#8221;206&#8243; img_size=&#8221;full&#8221; onclick=&#8221;custom_link&#8221; link=&#8221;https:\/\/beachandsunsethouse.com\/sl\/apb-room-type\/sunset-house-apartma-d\/&#8221;][\/vc_column_inner][vc_column_inner width=&#8221;1\/2&#8243;][vc_custom_heading text=&#8221;SUNSET HOUSE APARTMA D&#8221; font_container=&#8221;tag:h4|text_align:left|color:%23000000&#8243; google_fonts=&#8221;font_family:Roboto%3A100%2C100italic%2C300%2C300italic%2Cregular%2Citalic%2C500%2C500italic%2C700%2C700italic%2C900%2C900italic|font_style:500%20bold%20regular%3A500%3Anormal&#8221; link=&#8221;url:https%3A%2F%2Fbeachandsunsethouse.com%2Fsl%2Fapb-room-type%2Fsunset-house-apartma-d%2F|||&#8221; css=&#8221;.vc_custom_1473520133511{padding-bottom: 20px !important;}&#8221;][vc_column_text]Apartma je 44m2 povr\u0161ine in je prikladen za 4+2 osebi. Sestavljen je iz dve spalni sobi, dnevne sobe s sede\u017eno garnituro s posteljno funkcijo, kuhinje, kopalnice in dva balkona.[\/vc_column_text][\/vc_column_inner][\/vc_row_inner][\/vc_column][\/vc_row]<\/p>\n<\/div>","protected":false},"excerpt":{"rendered":"<p>[vc_row top_padding=&#8221;186px&#8221; bottom_padding=&#8221;196px&#8221; bk_element=&#8221;image&#8221; preload_bk=&#8221;yes&#8221; bg_image=&#8221;246&#8243;][vc_column width=&#8221;1\/1&#8243;][\/vc_column][\/vc_row][vc_row top_padding=&#8221;72px&#8221;][vc_column width=&#8221;1\/2&#8243;][vc_column_text]Beach House- tako kot ji ime pove, Beach House se nahaja ob sami pla\u017ei, oddaljena le nekaj metrov od kristalno \u010distega morja. Trenutno oddajamo le en apartma v kateri se lahko nastani 6 oseb. Sunset House-\u00a0 Kako bi na\u0161im gostom i njihovim prijateljem ponujali dodatno storitev, smo [&hellip;]<\/p>\n","protected":false},"author":1,"featured_media":0,"parent":0,"menu_order":3,"comment_status":"closed","ping_status":"closed","template":"","meta":{"footnotes":""},"class_list":["post-1345","page","type-page","status-publish","hentry"],"acf":[],"yoast_head":"<!-- This site is optimized with the Yoast SEO plugin v25.2 - https:\/\/yoast.com\/wordpress\/plugins\/seo\/ -->\n<title>Nastanitev - Beach and Sunset House Klenovica<\/title>\n<meta name=\"robots\" content=\"index, follow, max-snippet:-1, max-image-preview:large, max-video-preview:-1\" \/>\n<link rel=\"canonical\" href=\"https:\/\/beachandsunsethouse.com\/sl\/nastanitev\/\" \/>\n<meta property=\"og:locale\" content=\"sl_SI\" \/>\n<meta property=\"og:type\" content=\"article\" \/>\n<meta property=\"og:title\" content=\"Nastanitev - Beach and Sunset House Klenovica\" \/>\n<meta property=\"og:description\" content=\"[vc_row top_padding=&#8221;186px&#8221; bottom_padding=&#8221;196px&#8221; bk_element=&#8221;image&#8221; preload_bk=&#8221;yes&#8221; bg_image=&#8221;246&#8243;][vc_column width=&#8221;1\/1&#8243;][\/vc_column][\/vc_row][vc_row top_padding=&#8221;72px&#8221;][vc_column width=&#8221;1\/2&#8243;][vc_column_text]Beach House- tako kot ji ime pove, Beach House se nahaja ob sami pla\u017ei, oddaljena le nekaj metrov od kristalno \u010distega morja. Trenutno oddajamo le en apartma v kateri se lahko nastani 6 oseb. Sunset House-\u00a0 Kako bi na\u0161im gostom i njihovim prijateljem ponujali dodatno storitev, smo [&hellip;]\" \/>\n<meta property=\"og:url\" content=\"https:\/\/beachandsunsethouse.com\/sl\/nastanitev\/\" \/>\n<meta property=\"og:site_name\" content=\"Beach and Sunset House Klenovica\" \/>\n<meta name=\"twitter:card\" content=\"summary_large_image\" \/>\n<meta name=\"twitter:label1\" content=\"Est. reading time\" \/>\n\t<meta name=\"twitter:data1\" content=\"5 minut\" \/>\n<script type=\"application\/ld+json\" class=\"yoast-schema-graph\">{\"@context\":\"https:\/\/schema.org\",\"@graph\":[{\"@type\":\"WebPage\",\"@id\":\"https:\/\/beachandsunsethouse.com\/sl\/nastanitev\/\",\"url\":\"https:\/\/beachandsunsethouse.com\/sl\/nastanitev\/\",\"name\":\"Nastanitev - Beach and Sunset House Klenovica\",\"isPartOf\":{\"@id\":\"https:\/\/beachandsunsethouse.com\/sl\/#website\"},\"datePublished\":\"2016-09-10T15:09:16+00:00\",\"breadcrumb\":{\"@id\":\"https:\/\/beachandsunsethouse.com\/sl\/nastanitev\/#breadcrumb\"},\"inLanguage\":\"sl-SI\",\"potentialAction\":[{\"@type\":\"ReadAction\",\"target\":[\"https:\/\/beachandsunsethouse.com\/sl\/nastanitev\/\"]}]},{\"@type\":\"BreadcrumbList\",\"@id\":\"https:\/\/beachandsunsethouse.com\/sl\/nastanitev\/#breadcrumb\",\"itemListElement\":[{\"@type\":\"ListItem\",\"position\":1,\"name\":\"Po\u010detna stranica\",\"item\":\"https:\/\/beachandsunsethouse.com\/sl\/\"},{\"@type\":\"ListItem\",\"position\":2,\"name\":\"Nastanitev\"}]},{\"@type\":\"WebSite\",\"@id\":\"https:\/\/beachandsunsethouse.com\/sl\/#website\",\"url\":\"https:\/\/beachandsunsethouse.com\/sl\/\",\"name\":\"Beach and Sunset House Klenovica\",\"description\":\"\",\"potentialAction\":[{\"@type\":\"SearchAction\",\"target\":{\"@type\":\"EntryPoint\",\"urlTemplate\":\"https:\/\/beachandsunsethouse.com\/sl\/?s={search_term_string}\"},\"query-input\":{\"@type\":\"PropertyValueSpecification\",\"valueRequired\":true,\"valueName\":\"search_term_string\"}}],\"inLanguage\":\"sl-SI\"}]}<\/script>\n<!-- \/ Yoast SEO plugin. -->","yoast_head_json":{"title":"Nastanitev - Beach and Sunset House Klenovica","robots":{"index":"index","follow":"follow","max-snippet":"max-snippet:-1","max-image-preview":"max-image-preview:large","max-video-preview":"max-video-preview:-1"},"canonical":"https:\/\/beachandsunsethouse.com\/sl\/nastanitev\/","og_locale":"sl_SI","og_type":"article","og_title":"Nastanitev - Beach and Sunset House Klenovica","og_description":"[vc_row top_padding=&#8221;186px&#8221; bottom_padding=&#8221;196px&#8221; bk_element=&#8221;image&#8221; preload_bk=&#8221;yes&#8221; bg_image=&#8221;246&#8243;][vc_column width=&#8221;1\/1&#8243;][\/vc_column][\/vc_row][vc_row top_padding=&#8221;72px&#8221;][vc_column width=&#8221;1\/2&#8243;][vc_column_text]Beach House- tako kot ji ime pove, Beach House se nahaja ob sami pla\u017ei, oddaljena le nekaj metrov od kristalno \u010distega morja. Trenutno oddajamo le en apartma v kateri se lahko nastani 6 oseb. Sunset House-\u00a0 Kako bi na\u0161im gostom i njihovim prijateljem ponujali dodatno storitev, smo [&hellip;]","og_url":"https:\/\/beachandsunsethouse.com\/sl\/nastanitev\/","og_site_name":"Beach and Sunset House Klenovica","twitter_card":"summary_large_image","twitter_misc":{"Est. reading time":"5 minut"},"schema":{"@context":"https:\/\/schema.org","@graph":[{"@type":"WebPage","@id":"https:\/\/beachandsunsethouse.com\/sl\/nastanitev\/","url":"https:\/\/beachandsunsethouse.com\/sl\/nastanitev\/","name":"Nastanitev - Beach and Sunset House Klenovica","isPartOf":{"@id":"https:\/\/beachandsunsethouse.com\/sl\/#website"},"datePublished":"2016-09-10T15:09:16+00:00","breadcrumb":{"@id":"https:\/\/beachandsunsethouse.com\/sl\/nastanitev\/#breadcrumb"},"inLanguage":"sl-SI","potentialAction":[{"@type":"ReadAction","target":["https:\/\/beachandsunsethouse.com\/sl\/nastanitev\/"]}]},{"@type":"BreadcrumbList","@id":"https:\/\/beachandsunsethouse.com\/sl\/nastanitev\/#breadcrumb","itemListElement":[{"@type":"ListItem","position":1,"name":"Po\u010detna stranica","item":"https:\/\/beachandsunsethouse.com\/sl\/"},{"@type":"ListItem","position":2,"name":"Nastanitev"}]},{"@type":"WebSite","@id":"https:\/\/beachandsunsethouse.com\/sl\/#website","url":"https:\/\/beachandsunsethouse.com\/sl\/","name":"Beach and Sunset House Klenovica","description":"","potentialAction":[{"@type":"SearchAction","target":{"@type":"EntryPoint","urlTemplate":"https:\/\/beachandsunsethouse.com\/sl\/?s={search_term_string}"},"query-input":{"@type":"PropertyValueSpecification","valueRequired":true,"valueName":"search_term_string"}}],"inLanguage":"sl-SI"}]}},"_links":{"self":[{"href":"https:\/\/beachandsunsethouse.com\/sl\/wp-json\/wp\/v2\/pages\/1345","targetHints":{"allow":["GET"]}}],"collection":[{"href":"https:\/\/beachandsunsethouse.com\/sl\/wp-json\/wp\/v2\/pages"}],"about":[{"href":"https:\/\/beachandsunsethouse.com\/sl\/wp-json\/wp\/v2\/types\/page"}],"author":[{"embeddable":true,"href":"https:\/\/beachandsunsethouse.com\/sl\/wp-json\/wp\/v2\/users\/1"}],"replies":[{"embeddable":true,"href":"https:\/\/beachandsunsethouse.com\/sl\/wp-json\/wp\/v2\/comments?post=1345"}],"version-history":[{"count":0,"href":"https:\/\/beachandsunsethouse.com\/sl\/wp-json\/wp\/v2\/pages\/1345\/revisions"}],"wp:attachment":[{"href":"https:\/\/beachandsunsethouse.com\/sl\/wp-json\/wp\/v2\/media?parent=1345"}],"curies":[{"name":"wp","href":"https:\/\/api.w.org\/{rel}","templated":true}]}}