{"id":1331,"date":"2016-09-10T16:55:57","date_gmt":"2016-09-10T14:55:57","guid":{"rendered":"https:\/\/beachandsunsethouse.com\/sl\/?page_id=1331"},"modified":"2016-09-10T16:55:57","modified_gmt":"2016-09-10T14:55:57","slug":"o-klenovici","status":"publish","type":"page","link":"https:\/\/beachandsunsethouse.com\/sl\/o-nami\/o-klenovici\/","title":{"rendered":"O Klenovici"},"content":{"rendered":"<div class=\"wpb-content-wrapper\"><p>[vc_row top_padding=&#8221;90px&#8221; bottom_padding=&#8221;120px&#8221; bk_element=&#8221;image&#8221; el_class=&#8221;verve_retina&#8221; bg_image=&#8221;11&#8243;][vc_column width=&#8221;1\/1&#8243;]<div class=\"prk_shortcode-title prk_break_word verve_center_align wpb_animate_when_almost_visible wpb_bottom-to-top h2_sized\"><div class=\"header_font zero_color prk_vc_title\" style=\"color:#ffffff;text-shadow:0px 0px 1px rgba(255, 255, 255,0.2);margin-bottom:28px;\"><h2 style=\"font-weight:600;\">O KLENOVICI<\/h2><\/div><div class=\"simple_line colored thin columns small-centered forced_mobile\" style=\"width:70px;\"><\/div><div class=\"clearfix\"><\/div><\/div>[vc_column_text drop_cap=&#8221;yes&#8221; custom_css=&#8221;color: #ffffff; padding-bottom:50px;&#8221;]Klenovica se je namestia devet kilometrov ju\u017eno od mesta Novi Vinodolski . Prav nala\u0161\u010d je to majhen kraj, ki je svojemu ribi\u010du in morju izkazal veliko \u010dast<strong>. <\/strong>Za Klenovara ima morje enak pomen kot \u017eivljenje. O tem najbolj\u0161e pri\u010da spomenik \u017eivemu ribi\u010du v pristani\u0161\u010du.<\/p>\n<p>Danes je Klenovica veliko bolj znana kot turisti\u010den kraj, idealen za po\u010ditnice in rekreacijo. Osnovna lastnost Klenovice je \u010disto\u010da morja in pokrajine. V preteklosti, glede na \u0161tevilo tunolovk, je bil tunolov najpomembnej\u0161i na\u010din ribolova na tistem obmo\u010dju. O tome pri\u010dajo ponovne vrnitve tunolovk<strong>, <\/strong>ki so jih pedesetih letih odstranili<strong>.<\/strong><\/p>\n<p>One so simbol te\u017ekega \u017eivljenja ribi\u010da in pomor\u0161\u010daka. Ena z njih se nahaja na majhnem otoku Sv. Antona, ki zgleda kot polotok, ker so doma\u010dini pot do njega zapolnili z ogromnimi kosi kamni. Na ta na\u010din, klenovarske pla\u017eice kot da bi dobile nekak\u0161no za\u0161\u010dito od sunkov morja in mo\u010dne bure, ki zna tukaj v zimskih mesecev zelo mo\u010dno pihati.<\/p>\n<p>Karakteristika vegetacije je golota terena s enklavami degradiranih kra\u0161kih gozdov klena<strong>, <\/strong>puhastega hrasta, belega in \u010drnega gabera in \u010drnega jasena. Po\u010dutili boste tudi vonj \u010drnega bora, ki je na tistem podro\u010dju umetno dvignjen. Klenovicu sa severne strani varuje gozdarsko zaledje, turiste pa vabijo prostori za piknik v podro\u010dju Krmpota.<\/p>\n<p>\u010ce vas pot prinese, zagotovo si razglejte tudi zaledje s prekrasnimi razglednimi stolpi, ki vas bodo zasigurno osvojili.<\/p>\n<blockquote><p>\u201eLahko upravi\u010deno re\u010dete, da je turizem preoblikoval tisti kraj, je pove\u010dal standard in \u017eivljensko kulturo kraja in je odprl nove vidike o katerima se pred petdesetimi leti ni moglo niti sanjati.\u201c<\/p><\/blockquote>\n<p style=\"text-align: right;\">Zvonko Kalanj. Odlomek iz knjige <em>Vinodolski Zbornik, Klenovica-postanak i razvoj<\/em>. <strong>\u00a0\u00a0<\/strong><\/p>\n<p>[\/vc_column_text][vc_row_inner bottom_padding=&#8221;30px&#8221; css_animation=&#8221;bottom-to-top&#8221;][vc_column_inner width=&#8221;1\/4&#8243;][vc_single_image image=&#8221;230&#8243; img_size=&#8221;full&#8221; onclick=&#8221;img_link_large&#8221;][\/vc_column_inner][vc_column_inner width=&#8221;1\/4&#8243;][vc_single_image image=&#8221;225&#8243; img_size=&#8221;full&#8221; onclick=&#8221;img_link_large&#8221;][\/vc_column_inner][vc_column_inner width=&#8221;1\/4&#8243;][vc_single_image image=&#8221;228&#8243; img_size=&#8221;full&#8221; onclick=&#8221;img_link_large&#8221;][\/vc_column_inner][vc_column_inner width=&#8221;1\/4&#8243;][vc_single_image image=&#8221;224&#8243; img_size=&#8221;full&#8221; onclick=&#8221;img_link_large&#8221;][\/vc_column_inner][\/vc_row_inner][vc_row_inner css_animation=&#8221;bottom-to-top&#8221;][vc_column_inner width=&#8221;1\/4&#8243;][vc_single_image image=&#8221;231&#8243; img_size=&#8221;full&#8221; onclick=&#8221;img_link_large&#8221;][\/vc_column_inner][vc_column_inner width=&#8221;1\/4&#8243;][vc_single_image image=&#8221;229&#8243; img_size=&#8221;full&#8221; onclick=&#8221;img_link_large&#8221;][\/vc_column_inner][vc_column_inner width=&#8221;1\/4&#8243;][vc_single_image image=&#8221;227&#8243; img_size=&#8221;full&#8221; onclick=&#8221;img_link_large&#8221;][\/vc_column_inner][vc_column_inner width=&#8221;1\/4&#8243;][vc_single_image image=&#8221;232&#8243; img_size=&#8221;full&#8221; onclick=&#8221;img_link_large&#8221;][\/vc_column_inner][\/vc_row_inner][\/vc_column][\/vc_row]<\/p>\n<\/div>","protected":false},"excerpt":{"rendered":"<p>[vc_row top_padding=&#8221;90px&#8221; bottom_padding=&#8221;120px&#8221; bk_element=&#8221;image&#8221; el_class=&#8221;verve_retina&#8221; bg_image=&#8221;11&#8243;][vc_column width=&#8221;1\/1&#8243;][vc_column_text drop_cap=&#8221;yes&#8221; custom_css=&#8221;color: #ffffff; padding-bottom:50px;&#8221;]Klenovica se je namestia devet kilometrov ju\u017eno od mesta Novi Vinodolski . Prav nala\u0161\u010d je to majhen kraj, ki je svojemu ribi\u010du in morju izkazal veliko \u010dast. Za Klenovara ima morje enak pomen kot \u017eivljenje. O tem najbolj\u0161e pri\u010da spomenik \u017eivemu ribi\u010du v pristani\u0161\u010du. Danes [&hellip;]<\/p>\n","protected":false},"author":1,"featured_media":0,"parent":1330,"menu_order":1,"comment_status":"closed","ping_status":"closed","template":"","meta":{"footnotes":""},"class_list":["post-1331","page","type-page","status-publish","hentry"],"acf":[],"yoast_head":"<!-- This site is optimized with the Yoast SEO plugin v25.2 - https:\/\/yoast.com\/wordpress\/plugins\/seo\/ -->\n<title>O Klenovici - Beach and Sunset House Klenovica<\/title>\n<meta name=\"robots\" content=\"index, follow, max-snippet:-1, max-image-preview:large, max-video-preview:-1\" \/>\n<link rel=\"canonical\" href=\"https:\/\/beachandsunsethouse.com\/sl\/o-nami\/o-klenovici\/\" \/>\n<meta property=\"og:locale\" content=\"sl_SI\" \/>\n<meta property=\"og:type\" content=\"article\" \/>\n<meta property=\"og:title\" content=\"O Klenovici - Beach and Sunset House Klenovica\" \/>\n<meta property=\"og:description\" content=\"[vc_row top_padding=&#8221;90px&#8221; bottom_padding=&#8221;120px&#8221; bk_element=&#8221;image&#8221; el_class=&#8221;verve_retina&#8221; bg_image=&#8221;11&#8243;][vc_column width=&#8221;1\/1&#8243;][vc_column_text drop_cap=&#8221;yes&#8221; custom_css=&#8221;color: #ffffff; padding-bottom:50px;&#8221;]Klenovica se je namestia devet kilometrov ju\u017eno od mesta Novi Vinodolski . Prav nala\u0161\u010d je to majhen kraj, ki je svojemu ribi\u010du in morju izkazal veliko \u010dast. Za Klenovara ima morje enak pomen kot \u017eivljenje. O tem najbolj\u0161e pri\u010da spomenik \u017eivemu ribi\u010du v pristani\u0161\u010du. Danes [&hellip;]\" \/>\n<meta property=\"og:url\" content=\"https:\/\/beachandsunsethouse.com\/sl\/o-nami\/o-klenovici\/\" \/>\n<meta property=\"og:site_name\" content=\"Beach and Sunset House Klenovica\" \/>\n<meta name=\"twitter:card\" content=\"summary_large_image\" \/>\n<meta name=\"twitter:label1\" content=\"Est. reading time\" \/>\n\t<meta name=\"twitter:data1\" content=\"3 minute\" \/>\n<script type=\"application\/ld+json\" class=\"yoast-schema-graph\">{\"@context\":\"https:\/\/schema.org\",\"@graph\":[{\"@type\":\"WebPage\",\"@id\":\"https:\/\/beachandsunsethouse.com\/sl\/o-nami\/o-klenovici\/\",\"url\":\"https:\/\/beachandsunsethouse.com\/sl\/o-nami\/o-klenovici\/\",\"name\":\"O Klenovici - Beach and Sunset House Klenovica\",\"isPartOf\":{\"@id\":\"https:\/\/beachandsunsethouse.com\/sl\/#website\"},\"datePublished\":\"2016-09-10T14:55:57+00:00\",\"breadcrumb\":{\"@id\":\"https:\/\/beachandsunsethouse.com\/sl\/o-nami\/o-klenovici\/#breadcrumb\"},\"inLanguage\":\"sl-SI\",\"potentialAction\":[{\"@type\":\"ReadAction\",\"target\":[\"https:\/\/beachandsunsethouse.com\/sl\/o-nami\/o-klenovici\/\"]}]},{\"@type\":\"BreadcrumbList\",\"@id\":\"https:\/\/beachandsunsethouse.com\/sl\/o-nami\/o-klenovici\/#breadcrumb\",\"itemListElement\":[{\"@type\":\"ListItem\",\"position\":1,\"name\":\"Po\u010detna stranica\",\"item\":\"https:\/\/beachandsunsethouse.com\/sl\/\"},{\"@type\":\"ListItem\",\"position\":2,\"name\":\"O nami\",\"item\":\"https:\/\/beachandsunsethouse.com\/sl\/o-nama\/\"},{\"@type\":\"ListItem\",\"position\":3,\"name\":\"O Klenovici\"}]},{\"@type\":\"WebSite\",\"@id\":\"https:\/\/beachandsunsethouse.com\/sl\/#website\",\"url\":\"https:\/\/beachandsunsethouse.com\/sl\/\",\"name\":\"Beach and Sunset House Klenovica\",\"description\":\"\",\"potentialAction\":[{\"@type\":\"SearchAction\",\"target\":{\"@type\":\"EntryPoint\",\"urlTemplate\":\"https:\/\/beachandsunsethouse.com\/sl\/?s={search_term_string}\"},\"query-input\":{\"@type\":\"PropertyValueSpecification\",\"valueRequired\":true,\"valueName\":\"search_term_string\"}}],\"inLanguage\":\"sl-SI\"}]}<\/script>\n<!-- \/ Yoast SEO plugin. -->","yoast_head_json":{"title":"O Klenovici - Beach and Sunset House Klenovica","robots":{"index":"index","follow":"follow","max-snippet":"max-snippet:-1","max-image-preview":"max-image-preview:large","max-video-preview":"max-video-preview:-1"},"canonical":"https:\/\/beachandsunsethouse.com\/sl\/o-nami\/o-klenovici\/","og_locale":"sl_SI","og_type":"article","og_title":"O Klenovici - Beach and Sunset House Klenovica","og_description":"[vc_row top_padding=&#8221;90px&#8221; bottom_padding=&#8221;120px&#8221; bk_element=&#8221;image&#8221; el_class=&#8221;verve_retina&#8221; bg_image=&#8221;11&#8243;][vc_column width=&#8221;1\/1&#8243;][vc_column_text drop_cap=&#8221;yes&#8221; custom_css=&#8221;color: #ffffff; padding-bottom:50px;&#8221;]Klenovica se je namestia devet kilometrov ju\u017eno od mesta Novi Vinodolski . Prav nala\u0161\u010d je to majhen kraj, ki je svojemu ribi\u010du in morju izkazal veliko \u010dast. Za Klenovara ima morje enak pomen kot \u017eivljenje. O tem najbolj\u0161e pri\u010da spomenik \u017eivemu ribi\u010du v pristani\u0161\u010du. Danes [&hellip;]","og_url":"https:\/\/beachandsunsethouse.com\/sl\/o-nami\/o-klenovici\/","og_site_name":"Beach and Sunset House Klenovica","twitter_card":"summary_large_image","twitter_misc":{"Est. reading time":"3 minute"},"schema":{"@context":"https:\/\/schema.org","@graph":[{"@type":"WebPage","@id":"https:\/\/beachandsunsethouse.com\/sl\/o-nami\/o-klenovici\/","url":"https:\/\/beachandsunsethouse.com\/sl\/o-nami\/o-klenovici\/","name":"O Klenovici - Beach and Sunset House Klenovica","isPartOf":{"@id":"https:\/\/beachandsunsethouse.com\/sl\/#website"},"datePublished":"2016-09-10T14:55:57+00:00","breadcrumb":{"@id":"https:\/\/beachandsunsethouse.com\/sl\/o-nami\/o-klenovici\/#breadcrumb"},"inLanguage":"sl-SI","potentialAction":[{"@type":"ReadAction","target":["https:\/\/beachandsunsethouse.com\/sl\/o-nami\/o-klenovici\/"]}]},{"@type":"BreadcrumbList","@id":"https:\/\/beachandsunsethouse.com\/sl\/o-nami\/o-klenovici\/#breadcrumb","itemListElement":[{"@type":"ListItem","position":1,"name":"Po\u010detna stranica","item":"https:\/\/beachandsunsethouse.com\/sl\/"},{"@type":"ListItem","position":2,"name":"O nami","item":"https:\/\/beachandsunsethouse.com\/sl\/o-nama\/"},{"@type":"ListItem","position":3,"name":"O Klenovici"}]},{"@type":"WebSite","@id":"https:\/\/beachandsunsethouse.com\/sl\/#website","url":"https:\/\/beachandsunsethouse.com\/sl\/","name":"Beach and Sunset House Klenovica","description":"","potentialAction":[{"@type":"SearchAction","target":{"@type":"EntryPoint","urlTemplate":"https:\/\/beachandsunsethouse.com\/sl\/?s={search_term_string}"},"query-input":{"@type":"PropertyValueSpecification","valueRequired":true,"valueName":"search_term_string"}}],"inLanguage":"sl-SI"}]}},"_links":{"self":[{"href":"https:\/\/beachandsunsethouse.com\/sl\/wp-json\/wp\/v2\/pages\/1331","targetHints":{"allow":["GET"]}}],"collection":[{"href":"https:\/\/beachandsunsethouse.com\/sl\/wp-json\/wp\/v2\/pages"}],"about":[{"href":"https:\/\/beachandsunsethouse.com\/sl\/wp-json\/wp\/v2\/types\/page"}],"author":[{"embeddable":true,"href":"https:\/\/beachandsunsethouse.com\/sl\/wp-json\/wp\/v2\/users\/1"}],"replies":[{"embeddable":true,"href":"https:\/\/beachandsunsethouse.com\/sl\/wp-json\/wp\/v2\/comments?post=1331"}],"version-history":[{"count":0,"href":"https:\/\/beachandsunsethouse.com\/sl\/wp-json\/wp\/v2\/pages\/1331\/revisions"}],"up":[{"embeddable":true,"href":"https:\/\/beachandsunsethouse.com\/sl\/wp-json\/wp\/v2\/pages\/1330"}],"wp:attachment":[{"href":"https:\/\/beachandsunsethouse.com\/sl\/wp-json\/wp\/v2\/media?parent=1331"}],"curies":[{"name":"wp","href":"https:\/\/api.w.org\/{rel}","templated":true}]}}