{"id":1206,"date":"2016-09-10T02:21:47","date_gmt":"2016-09-10T00:21:47","guid":{"rendered":"https:\/\/beachandsunsethouse.com\/ru\/?page_id=1206"},"modified":"2016-09-10T02:21:47","modified_gmt":"2016-09-10T00:21:47","slug":"%d1%87%d1%82%d0%be-%d0%bf%d0%be%d1%81%d0%b5%d1%82%d0%b8%d1%82%d1%8c","status":"publish","type":"page","link":"https:\/\/beachandsunsethouse.com\/ru\/%d0%be-%d0%bd%d0%b0%d1%81\/%d1%87%d1%82%d0%be-%d0%bf%d0%be%d1%81%d0%b5%d1%82%d0%b8%d1%82%d1%8c\/","title":{"rendered":"\u0427\u0442\u043e \u043f\u043e\u0441\u0435\u0442\u0438\u0442\u044c?"},"content":{"rendered":"<div class=\"wpb-content-wrapper\"><p>[vc_row bk_element=&#187;image&#187; bg_image=&#187;267&#8243;][vc_column column_height=&#187;verve_forced_clm verve_vertical_clm&#187; bg_image_vt_align=&#187;verve_vt_top&#187; width=&#187;1\/2&#8243;][vc_single_image image=&#187;250&#8243; img_size=&#187;full&#187;][\/vc_column][vc_column css_animation=&#187;verve_fade_waypoint&#187; width=&#187;1\/2&#8243;]<div class=\"verve_spacer clearfix\" style=\"height:120px;\"><\/div><div class=\"prk_shortcode-title prk_break_word verve_left_align h5_sized\"><div class=\"custom_font zero_color prk_vc_title\"><h5 style=\"font-weight:400;\">Pogledajte \u0161to sve mo\u017eete u okru\u017eenju<\/h5><\/div><div class=\"clearfix\"><\/div><\/div><div class=\"prk_shortcode-title prk_break_word verve_left_align h2_sized\"><div class=\"header_font zero_color prk_vc_title\" style=\"margin-bottom:20px;\"><h2 style=\"font-weight:700;\">\u0427\u0442\u043e \u043f\u043e\u0441\u0435\u0442\u0438\u0442\u044c? <\/h2><\/div><div class=\"simple_line colored thick columns small-centered forced_mobile\" style=\"width:70px;\"><\/div><div class=\"clearfix\"><\/div><\/div><div class=\"verve_spacer clearfix\" style=\"height:6px;\"><\/div>[vc_column_text]\u041f\u043e\u0441\u0435\u0442\u0438\u0442\u0435 \u041d\u041f \u041f\u043b\u0438\u0442\u0432\u0438\u0446\u043a\u0438\u0435 \u043e\u0437\u0435\u0440\u0430, \u043e\u0442\u043f\u0440\u0430\u0432\u044c\u0442\u0435\u0441\u044c \u043d\u0430 \u0435\u0436\u0435\u0434\u043d\u0435\u0432\u043d\u044b\u0435 \u044d\u043a\u0441\u043a\u0443\u0440\u0441\u0438\u0438 \u043d\u0430 \u0442\u0443\u0440\u0438\u0441\u0442\u0438\u0447\u0435\u0441\u043a\u043e\u043c \u043a\u043e\u0440\u0430\u0431\u043b\u0435\u043c \u00ab\u041a\u0440\u0435\u043c\u0435\u043d\u0438\u043a\u00bb \u043d\u0430 \u0431\u043b\u0438\u0437\u043b\u0435\u0436\u0430\u0449\u0438\u0435 \u043e\u0441\u0442\u0440\u043e\u0432\u0430 \u0438 \u043d\u0430\u0441\u043b\u0430\u0434\u0438\u0442\u0435\u0441\u044c \u043f\u0430\u043d\u043e\u0440\u0430\u043c\u043d\u043e\u0439 \u043f\u043e\u0435\u0437\u0434\u043a\u043e\u0439.<\/p>\n<p>\u041f\u043e\u0441\u0435\u0442\u0438\u0442\u0435 \u0431\u043b\u0438\u0437\u043b\u0435\u0436\u0430\u0449\u0438\u0435 \u0433\u043e\u0440\u043e\u0434\u0430 \u0421\u0435\u043d\u044c, \u041d\u043e\u0432\u0438 \u0412\u0438\u043d\u043e\u0434\u043e\u043b\u0441\u043a\u0438, \u0426\u0440\u0438\u043a\u0432\u0435\u043d\u0438\u0446\u0443 \u0438 \u0420\u0435\u043a\u0443.[\/vc_column_text]<div class=\"colored_theme_button prk_medium vrv_shortcoded\"><a href=\"https:\/\/www.facebook.com\/NP.PlitviceLakes\/\" target=\"_blank\" class=\"verve_anchor\">\u041f\u043b\u0438\u0442\u0432\u0438\u0446\u043a\u0438\u0435 \u043e\u0437\u0435\u0440\u0430 \u2192<\/a><\/div><div class=\"verve_spacer clearfix\" style=\"height:120px;\"><\/div>[\/vc_column][\/vc_row][vc_row top_padding=&#187;72px&#187; bottom_padding=&#187;48px&#187; el_id=&#187;team&#187;][vc_column width=&#187;1\/1&#8243;]<div class=\"prk_shortcode-title prk_break_word verve_center_align wpb_animate_when_almost_visible wpb_verve_fade_waypoint h3_sized\"><div class=\"simple_line colored above thicker columns small-centered forced_mobile\" style=\"border-bottom-color:#0ab6d1;width:70px;\"><\/div><div class=\"header_font zero_color prk_vc_title\"><h3 style=\"font-weight:600;\">\u0438\u0441\u0441\u043b\u0435\u0434\u043e\u0432\u0430\u0442\u044c<\/h3><\/div><div class=\"clearfix\"><\/div><\/div><div class=\"prk_shortcode-title prk_break_word verve_center_align wpb_animate_when_almost_visible wpb_verve_fade_waypoint h2_sized\"><div class=\"custom_font zero_color prk_vc_title\" style=\"margin-bottom:12px;\"><h2 style=\"font-weight:400;\">\u0425\u043e\u0440\u0432\u0430\u0442\u0438\u044f<\/h2><\/div><div class=\"clearfix\"><\/div><\/div><div class=\"verve_spacer clearfix\" style=\"height:24px;\"><\/div>[\/vc_column][\/vc_row][vc_row bk_type=&#187;verve_full_row&#187; align=&#187;verve_center_align&#187;][vc_column width=&#187;1\/1&#8243;]Instagram connection not available.[\/vc_column][\/vc_row]<\/p>\n<\/div>","protected":false},"excerpt":{"rendered":"<p>[vc_row bk_element=&#187;image&#187; bg_image=&#187;267&#8243;][vc_column column_height=&#187;verve_forced_clm verve_vertical_clm&#187; bg_image_vt_align=&#187;verve_vt_top&#187; width=&#187;1\/2&#8243;][vc_single_image image=&#187;250&#8243; img_size=&#187;full&#187;][\/vc_column][vc_column css_animation=&#187;verve_fade_waypoint&#187; width=&#187;1\/2&#8243;][vc_column_text]\u041f\u043e\u0441\u0435\u0442\u0438\u0442\u0435 \u041d\u041f \u041f\u043b\u0438\u0442\u0432\u0438\u0446\u043a\u0438\u0435 \u043e\u0437\u0435\u0440\u0430, \u043e\u0442\u043f\u0440\u0430\u0432\u044c\u0442\u0435\u0441\u044c \u043d\u0430 \u0435\u0436\u0435\u0434\u043d\u0435\u0432\u043d\u044b\u0435 \u044d\u043a\u0441\u043a\u0443\u0440\u0441\u0438\u0438 \u043d\u0430 \u0442\u0443\u0440\u0438\u0441\u0442\u0438\u0447\u0435\u0441\u043a\u043e\u043c \u043a\u043e\u0440\u0430\u0431\u043b\u0435\u043c \u00ab\u041a\u0440\u0435\u043c\u0435\u043d\u0438\u043a\u00bb \u043d\u0430 \u0431\u043b\u0438\u0437\u043b\u0435\u0436\u0430\u0449\u0438\u0435 \u043e\u0441\u0442\u0440\u043e\u0432\u0430 \u0438 \u043d\u0430\u0441\u043b\u0430\u0434\u0438\u0442\u0435\u0441\u044c \u043f\u0430\u043d\u043e\u0440\u0430\u043c\u043d\u043e\u0439 \u043f\u043e\u0435\u0437\u0434\u043a\u043e\u0439. \u041f\u043e\u0441\u0435\u0442\u0438\u0442\u0435 \u0431\u043b\u0438\u0437\u043b\u0435\u0436\u0430\u0449\u0438\u0435 \u0433\u043e\u0440\u043e\u0434\u0430 \u0421\u0435\u043d\u044c, \u041d\u043e\u0432\u0438 \u0412\u0438\u043d\u043e\u0434\u043e\u043b\u0441\u043a\u0438, \u0426\u0440\u0438\u043a\u0432\u0435\u043d\u0438\u0446\u0443 \u0438 \u0420\u0435\u043a\u0443.[\/vc_column_text][\/vc_column][\/vc_row][vc_row top_padding=&#187;72px&#187; bottom_padding=&#187;48px&#187; el_id=&#187;team&#187;][vc_column width=&#187;1\/1&#8243;][\/vc_column][\/vc_row][vc_row bk_type=&#187;verve_full_row&#187; align=&#187;verve_center_align&#187;][vc_column width=&#187;1\/1&#8243;][\/vc_column][\/vc_row]<\/p>\n","protected":false},"author":1,"featured_media":0,"parent":1200,"menu_order":2,"comment_status":"closed","ping_status":"closed","template":"","meta":{"footnotes":""},"class_list":["post-1206","page","type-page","status-publish","hentry"],"acf":[],"yoast_head":"<!-- This site is optimized with the Yoast SEO plugin v25.2 - https:\/\/yoast.com\/wordpress\/plugins\/seo\/ -->\n<title>\u0427\u0442\u043e \u043f\u043e\u0441\u0435\u0442\u0438\u0442\u044c? - Beach and Sunset House Klenovica<\/title>\n<meta name=\"robots\" content=\"index, follow, max-snippet:-1, max-image-preview:large, max-video-preview:-1\" \/>\n<link rel=\"canonical\" href=\"https:\/\/beachandsunsethouse.com\/ru\/%d0%be-%d0%bd%d0%b0%d1%81\/%d1%87%d1%82%d0%be-%d0%bf%d0%be%d1%81%d0%b5%d1%82%d0%b8%d1%82%d1%8c\/\" \/>\n<meta property=\"og:locale\" content=\"ru_RU\" \/>\n<meta property=\"og:type\" content=\"article\" \/>\n<meta property=\"og:title\" content=\"\u0427\u0442\u043e \u043f\u043e\u0441\u0435\u0442\u0438\u0442\u044c? - Beach and Sunset House Klenovica\" \/>\n<meta property=\"og:description\" content=\"[vc_row bk_element=&#187;image&#187; bg_image=&#187;267&#8243;][vc_column column_height=&#187;verve_forced_clm verve_vertical_clm&#187; bg_image_vt_align=&#187;verve_vt_top&#187; width=&#187;1\/2&#8243;][vc_single_image image=&#187;250&#8243; img_size=&#187;full&#187;][\/vc_column][vc_column css_animation=&#187;verve_fade_waypoint&#187; width=&#187;1\/2&#8243;][vc_column_text]\u041f\u043e\u0441\u0435\u0442\u0438\u0442\u0435 \u041d\u041f \u041f\u043b\u0438\u0442\u0432\u0438\u0446\u043a\u0438\u0435 \u043e\u0437\u0435\u0440\u0430, \u043e\u0442\u043f\u0440\u0430\u0432\u044c\u0442\u0435\u0441\u044c \u043d\u0430 \u0435\u0436\u0435\u0434\u043d\u0435\u0432\u043d\u044b\u0435 \u044d\u043a\u0441\u043a\u0443\u0440\u0441\u0438\u0438 \u043d\u0430 \u0442\u0443\u0440\u0438\u0441\u0442\u0438\u0447\u0435\u0441\u043a\u043e\u043c \u043a\u043e\u0440\u0430\u0431\u043b\u0435\u043c \u00ab\u041a\u0440\u0435\u043c\u0435\u043d\u0438\u043a\u00bb \u043d\u0430 \u0431\u043b\u0438\u0437\u043b\u0435\u0436\u0430\u0449\u0438\u0435 \u043e\u0441\u0442\u0440\u043e\u0432\u0430 \u0438 \u043d\u0430\u0441\u043b\u0430\u0434\u0438\u0442\u0435\u0441\u044c \u043f\u0430\u043d\u043e\u0440\u0430\u043c\u043d\u043e\u0439 \u043f\u043e\u0435\u0437\u0434\u043a\u043e\u0439. \u041f\u043e\u0441\u0435\u0442\u0438\u0442\u0435 \u0431\u043b\u0438\u0437\u043b\u0435\u0436\u0430\u0449\u0438\u0435 \u0433\u043e\u0440\u043e\u0434\u0430 \u0421\u0435\u043d\u044c, \u041d\u043e\u0432\u0438 \u0412\u0438\u043d\u043e\u0434\u043e\u043b\u0441\u043a\u0438, \u0426\u0440\u0438\u043a\u0432\u0435\u043d\u0438\u0446\u0443 \u0438 \u0420\u0435\u043a\u0443.[\/vc_column_text][\/vc_column][\/vc_row][vc_row top_padding=&#187;72px&#187; bottom_padding=&#187;48px&#187; el_id=&#187;team&#187;][vc_column width=&#187;1\/1&#8243;][\/vc_column][\/vc_row][vc_row bk_type=&#187;verve_full_row&#187; align=&#187;verve_center_align&#187;][vc_column width=&#187;1\/1&#8243;][\/vc_column][\/vc_row]\" \/>\n<meta property=\"og:url\" content=\"https:\/\/beachandsunsethouse.com\/ru\/%d0%be-%d0%bd%d0%b0%d1%81\/%d1%87%d1%82%d0%be-%d0%bf%d0%be%d1%81%d0%b5%d1%82%d0%b8%d1%82%d1%8c\/\" \/>\n<meta property=\"og:site_name\" content=\"Beach and Sunset House Klenovica\" \/>\n<meta name=\"twitter:card\" content=\"summary_large_image\" \/>\n<meta name=\"twitter:label1\" content=\"\u041f\u0440\u0438\u043c\u0435\u0440\u043d\u043e\u0435 \u0432\u0440\u0435\u043c\u044f \u0434\u043b\u044f \u0447\u0442\u0435\u043d\u0438\u044f\" \/>\n\t<meta name=\"twitter:data1\" content=\"1 \u043c\u0438\u043d\u0443\u0442\u0430\" \/>\n<script type=\"application\/ld+json\" class=\"yoast-schema-graph\">{\"@context\":\"https:\/\/schema.org\",\"@graph\":[{\"@type\":\"WebPage\",\"@id\":\"https:\/\/beachandsunsethouse.com\/ru\/%d0%be-%d0%bd%d0%b0%d1%81\/%d1%87%d1%82%d0%be-%d0%bf%d0%be%d1%81%d0%b5%d1%82%d0%b8%d1%82%d1%8c\/\",\"url\":\"https:\/\/beachandsunsethouse.com\/ru\/%d0%be-%d0%bd%d0%b0%d1%81\/%d1%87%d1%82%d0%be-%d0%bf%d0%be%d1%81%d0%b5%d1%82%d0%b8%d1%82%d1%8c\/\",\"name\":\"\u0427\u0442\u043e \u043f\u043e\u0441\u0435\u0442\u0438\u0442\u044c? - Beach and Sunset House Klenovica\",\"isPartOf\":{\"@id\":\"https:\/\/beachandsunsethouse.com\/ru\/#website\"},\"datePublished\":\"2016-09-10T00:21:47+00:00\",\"breadcrumb\":{\"@id\":\"https:\/\/beachandsunsethouse.com\/ru\/%d0%be-%d0%bd%d0%b0%d1%81\/%d1%87%d1%82%d0%be-%d0%bf%d0%be%d1%81%d0%b5%d1%82%d0%b8%d1%82%d1%8c\/#breadcrumb\"},\"inLanguage\":\"ru-RU\",\"potentialAction\":[{\"@type\":\"ReadAction\",\"target\":[\"https:\/\/beachandsunsethouse.com\/ru\/%d0%be-%d0%bd%d0%b0%d1%81\/%d1%87%d1%82%d0%be-%d0%bf%d0%be%d1%81%d0%b5%d1%82%d0%b8%d1%82%d1%8c\/\"]}]},{\"@type\":\"BreadcrumbList\",\"@id\":\"https:\/\/beachandsunsethouse.com\/ru\/%d0%be-%d0%bd%d0%b0%d1%81\/%d1%87%d1%82%d0%be-%d0%bf%d0%be%d1%81%d0%b5%d1%82%d0%b8%d1%82%d1%8c\/#breadcrumb\",\"itemListElement\":[{\"@type\":\"ListItem\",\"position\":1,\"name\":\"Po\u010detna stranica\",\"item\":\"https:\/\/beachandsunsethouse.com\/ru\/\"},{\"@type\":\"ListItem\",\"position\":2,\"name\":\"\u041e \u043d\u0430\u0441\",\"item\":\"https:\/\/beachandsunsethouse.com\/ru\/o-nama\/\"},{\"@type\":\"ListItem\",\"position\":3,\"name\":\"\u0427\u0442\u043e \u043f\u043e\u0441\u0435\u0442\u0438\u0442\u044c?\"}]},{\"@type\":\"WebSite\",\"@id\":\"https:\/\/beachandsunsethouse.com\/ru\/#website\",\"url\":\"https:\/\/beachandsunsethouse.com\/ru\/\",\"name\":\"Beach and Sunset House Klenovica\",\"description\":\"\",\"potentialAction\":[{\"@type\":\"SearchAction\",\"target\":{\"@type\":\"EntryPoint\",\"urlTemplate\":\"https:\/\/beachandsunsethouse.com\/ru\/?s={search_term_string}\"},\"query-input\":{\"@type\":\"PropertyValueSpecification\",\"valueRequired\":true,\"valueName\":\"search_term_string\"}}],\"inLanguage\":\"ru-RU\"}]}<\/script>\n<!-- \/ Yoast SEO plugin. -->","yoast_head_json":{"title":"\u0427\u0442\u043e \u043f\u043e\u0441\u0435\u0442\u0438\u0442\u044c? - Beach and Sunset House Klenovica","robots":{"index":"index","follow":"follow","max-snippet":"max-snippet:-1","max-image-preview":"max-image-preview:large","max-video-preview":"max-video-preview:-1"},"canonical":"https:\/\/beachandsunsethouse.com\/ru\/%d0%be-%d0%bd%d0%b0%d1%81\/%d1%87%d1%82%d0%be-%d0%bf%d0%be%d1%81%d0%b5%d1%82%d0%b8%d1%82%d1%8c\/","og_locale":"ru_RU","og_type":"article","og_title":"\u0427\u0442\u043e \u043f\u043e\u0441\u0435\u0442\u0438\u0442\u044c? - Beach and Sunset House Klenovica","og_description":"[vc_row bk_element=&#187;image&#187; bg_image=&#187;267&#8243;][vc_column column_height=&#187;verve_forced_clm verve_vertical_clm&#187; bg_image_vt_align=&#187;verve_vt_top&#187; width=&#187;1\/2&#8243;][vc_single_image image=&#187;250&#8243; img_size=&#187;full&#187;][\/vc_column][vc_column css_animation=&#187;verve_fade_waypoint&#187; width=&#187;1\/2&#8243;][vc_column_text]\u041f\u043e\u0441\u0435\u0442\u0438\u0442\u0435 \u041d\u041f \u041f\u043b\u0438\u0442\u0432\u0438\u0446\u043a\u0438\u0435 \u043e\u0437\u0435\u0440\u0430, \u043e\u0442\u043f\u0440\u0430\u0432\u044c\u0442\u0435\u0441\u044c \u043d\u0430 \u0435\u0436\u0435\u0434\u043d\u0435\u0432\u043d\u044b\u0435 \u044d\u043a\u0441\u043a\u0443\u0440\u0441\u0438\u0438 \u043d\u0430 \u0442\u0443\u0440\u0438\u0441\u0442\u0438\u0447\u0435\u0441\u043a\u043e\u043c \u043a\u043e\u0440\u0430\u0431\u043b\u0435\u043c \u00ab\u041a\u0440\u0435\u043c\u0435\u043d\u0438\u043a\u00bb \u043d\u0430 \u0431\u043b\u0438\u0437\u043b\u0435\u0436\u0430\u0449\u0438\u0435 \u043e\u0441\u0442\u0440\u043e\u0432\u0430 \u0438 \u043d\u0430\u0441\u043b\u0430\u0434\u0438\u0442\u0435\u0441\u044c \u043f\u0430\u043d\u043e\u0440\u0430\u043c\u043d\u043e\u0439 \u043f\u043e\u0435\u0437\u0434\u043a\u043e\u0439. \u041f\u043e\u0441\u0435\u0442\u0438\u0442\u0435 \u0431\u043b\u0438\u0437\u043b\u0435\u0436\u0430\u0449\u0438\u0435 \u0433\u043e\u0440\u043e\u0434\u0430 \u0421\u0435\u043d\u044c, \u041d\u043e\u0432\u0438 \u0412\u0438\u043d\u043e\u0434\u043e\u043b\u0441\u043a\u0438, \u0426\u0440\u0438\u043a\u0432\u0435\u043d\u0438\u0446\u0443 \u0438 \u0420\u0435\u043a\u0443.[\/vc_column_text][\/vc_column][\/vc_row][vc_row top_padding=&#187;72px&#187; bottom_padding=&#187;48px&#187; el_id=&#187;team&#187;][vc_column width=&#187;1\/1&#8243;][\/vc_column][\/vc_row][vc_row bk_type=&#187;verve_full_row&#187; align=&#187;verve_center_align&#187;][vc_column width=&#187;1\/1&#8243;][\/vc_column][\/vc_row]","og_url":"https:\/\/beachandsunsethouse.com\/ru\/%d0%be-%d0%bd%d0%b0%d1%81\/%d1%87%d1%82%d0%be-%d0%bf%d0%be%d1%81%d0%b5%d1%82%d0%b8%d1%82%d1%8c\/","og_site_name":"Beach and Sunset House Klenovica","twitter_card":"summary_large_image","twitter_misc":{"\u041f\u0440\u0438\u043c\u0435\u0440\u043d\u043e\u0435 \u0432\u0440\u0435\u043c\u044f \u0434\u043b\u044f \u0447\u0442\u0435\u043d\u0438\u044f":"1 \u043c\u0438\u043d\u0443\u0442\u0430"},"schema":{"@context":"https:\/\/schema.org","@graph":[{"@type":"WebPage","@id":"https:\/\/beachandsunsethouse.com\/ru\/%d0%be-%d0%bd%d0%b0%d1%81\/%d1%87%d1%82%d0%be-%d0%bf%d0%be%d1%81%d0%b5%d1%82%d0%b8%d1%82%d1%8c\/","url":"https:\/\/beachandsunsethouse.com\/ru\/%d0%be-%d0%bd%d0%b0%d1%81\/%d1%87%d1%82%d0%be-%d0%bf%d0%be%d1%81%d0%b5%d1%82%d0%b8%d1%82%d1%8c\/","name":"\u0427\u0442\u043e \u043f\u043e\u0441\u0435\u0442\u0438\u0442\u044c? - Beach and Sunset House Klenovica","isPartOf":{"@id":"https:\/\/beachandsunsethouse.com\/ru\/#website"},"datePublished":"2016-09-10T00:21:47+00:00","breadcrumb":{"@id":"https:\/\/beachandsunsethouse.com\/ru\/%d0%be-%d0%bd%d0%b0%d1%81\/%d1%87%d1%82%d0%be-%d0%bf%d0%be%d1%81%d0%b5%d1%82%d0%b8%d1%82%d1%8c\/#breadcrumb"},"inLanguage":"ru-RU","potentialAction":[{"@type":"ReadAction","target":["https:\/\/beachandsunsethouse.com\/ru\/%d0%be-%d0%bd%d0%b0%d1%81\/%d1%87%d1%82%d0%be-%d0%bf%d0%be%d1%81%d0%b5%d1%82%d0%b8%d1%82%d1%8c\/"]}]},{"@type":"BreadcrumbList","@id":"https:\/\/beachandsunsethouse.com\/ru\/%d0%be-%d0%bd%d0%b0%d1%81\/%d1%87%d1%82%d0%be-%d0%bf%d0%be%d1%81%d0%b5%d1%82%d0%b8%d1%82%d1%8c\/#breadcrumb","itemListElement":[{"@type":"ListItem","position":1,"name":"Po\u010detna stranica","item":"https:\/\/beachandsunsethouse.com\/ru\/"},{"@type":"ListItem","position":2,"name":"\u041e \u043d\u0430\u0441","item":"https:\/\/beachandsunsethouse.com\/ru\/o-nama\/"},{"@type":"ListItem","position":3,"name":"\u0427\u0442\u043e \u043f\u043e\u0441\u0435\u0442\u0438\u0442\u044c?"}]},{"@type":"WebSite","@id":"https:\/\/beachandsunsethouse.com\/ru\/#website","url":"https:\/\/beachandsunsethouse.com\/ru\/","name":"Beach and Sunset House Klenovica","description":"","potentialAction":[{"@type":"SearchAction","target":{"@type":"EntryPoint","urlTemplate":"https:\/\/beachandsunsethouse.com\/ru\/?s={search_term_string}"},"query-input":{"@type":"PropertyValueSpecification","valueRequired":true,"valueName":"search_term_string"}}],"inLanguage":"ru-RU"}]}},"_links":{"self":[{"href":"https:\/\/beachandsunsethouse.com\/ru\/wp-json\/wp\/v2\/pages\/1206","targetHints":{"allow":["GET"]}}],"collection":[{"href":"https:\/\/beachandsunsethouse.com\/ru\/wp-json\/wp\/v2\/pages"}],"about":[{"href":"https:\/\/beachandsunsethouse.com\/ru\/wp-json\/wp\/v2\/types\/page"}],"author":[{"embeddable":true,"href":"https:\/\/beachandsunsethouse.com\/ru\/wp-json\/wp\/v2\/users\/1"}],"replies":[{"embeddable":true,"href":"https:\/\/beachandsunsethouse.com\/ru\/wp-json\/wp\/v2\/comments?post=1206"}],"version-history":[{"count":0,"href":"https:\/\/beachandsunsethouse.com\/ru\/wp-json\/wp\/v2\/pages\/1206\/revisions"}],"up":[{"embeddable":true,"href":"https:\/\/beachandsunsethouse.com\/ru\/wp-json\/wp\/v2\/pages\/1200"}],"wp:attachment":[{"href":"https:\/\/beachandsunsethouse.com\/ru\/wp-json\/wp\/v2\/media?parent=1206"}],"curies":[{"name":"wp","href":"https:\/\/api.w.org\/{rel}","templated":true}]}}