{"id":1475,"date":"2016-10-28T12:52:49","date_gmt":"2016-10-28T10:52:49","guid":{"rendered":"https:\/\/beachandsunsethouse.com\/pl\/?page_id=1475"},"modified":"2016-10-28T21:14:23","modified_gmt":"2016-10-28T19:14:23","slug":"cennik","status":"publish","type":"page","link":"https:\/\/beachandsunsethouse.com\/pl\/cennik\/","title":{"rendered":"Cennik"},"content":{"rendered":"<div class=\"wpb-content-wrapper\"><p>[vc_row top_padding=&#8221;116px&#8221; bottom_padding=&#8221;126px&#8221; bk_element=&#8221;image&#8221; preload_bk=&#8221;yes&#8221; bg_image=&#8221;246&#8243;][vc_column width=&#8221;1\/1&#8243;]<div class=\"prk_shortcode-title prk_break_word verve_center_align h1_sized\"><div class=\"header_font zero_color prk_vc_title\" style=\"color:#0ab6d1;text-shadow:0px 0px 1px rgba(10, 182, 209,0.2);\"><h1 style=\"font-weight:700;\">CENNIK<\/h1><\/div><div class=\"clearfix\"><\/div><\/div><div class=\"prk_shortcode-title prk_break_word verve_center_align h5_sized\"><div class=\"header_font zero_color prk_vc_title\" style=\"color:#ffffff;text-shadow:0px 0px 1px rgba(255, 255, 255,0.2);\"><h5 style=\"font-weight:600;\">W tym momencie mamy 5 apartament\u00f3w w dw\u00f3ch domach, dla 24 os\u00f3b. <\/h5><\/div><div class=\"clearfix\"><\/div><\/div>[\/vc_column][\/vc_row][vc_row top_padding=&#8221;72px&#8221;][vc_column width=&#8221;2\/3&#8243;][vc_column_text]<\/p>\n<table border=\"0\" width=\"644\" cellpadding=\"2\">\n<tbody>\n<tr style=\"background-color: #efefef;\">\n<th scope=\"col\" width=\"33\"><strong>DATA<\/strong><\/th>\n<th scope=\"col\" width=\"33\"><strong>BEACH HOUSE<\/strong><\/th>\n<th scope=\"col\" width=\"33\"><strong>APP A<\/strong><\/th>\n<th scope=\"col\" width=\"33\"><strong>APP B<\/strong><\/th>\n<th scope=\"col\" width=\"33\"><strong>APP C STUDIO<\/strong><\/th>\n<th scope=\"col\" width=\"33\"><strong>APP D<\/strong><\/th>\n<\/tr>\n<tr>\n<th scope=\"row\"><strong>01.04 &#8211; 22.05<\/strong><\/th>\n<td style=\"text-align: center;\">80 Eur<\/td>\n<td style=\"text-align: center;\">50 Eur<\/td>\n<td style=\"text-align: center;\">50 Eur<\/td>\n<td style=\"text-align: center;\">40 Eur<\/td>\n<td style=\"text-align: center;\">60 Eur<\/td>\n<\/tr>\n<tr>\n<th scope=\"row\"><strong>23.05 &#8211; 30.06<\/strong><\/th>\n<td style=\"text-align: center;\">90 Eur<\/td>\n<td style=\"text-align: center;\">60 Eur<\/td>\n<td style=\"text-align: center;\">60 Eur<\/td>\n<td style=\"text-align: center;\">50 Eur<\/td>\n<td style=\"text-align: center;\">70 Eur<\/td>\n<\/tr>\n<tr>\n<th scope=\"row\"><strong>01.07 &#8211; 31.08<\/strong><\/th>\n<td style=\"text-align: center;\">110 Eur<\/td>\n<td style=\"text-align: center;\">80 Eur<\/td>\n<td style=\"text-align: center;\">80 Eur<\/td>\n<td style=\"text-align: center;\">70 Eur<\/td>\n<td style=\"text-align: center;\">90 Eur<\/td>\n<\/tr>\n<tr>\n<th scope=\"row\"><strong>01.09 &#8211; 26.09<\/strong><\/th>\n<td style=\"text-align: center;\">90 Eur<\/td>\n<td style=\"text-align: center;\">60 Eur<\/td>\n<td style=\"text-align: center;\">60 Eur<\/td>\n<td style=\"text-align: center;\">50 Eur<\/td>\n<td style=\"text-align: center;\">70 Eur<\/td>\n<\/tr>\n<tr>\n<th style=\"text-align: center;\" scope=\"row\"><strong>27.09 &#8211; 01.11<\/strong><\/th>\n<td style=\"text-align: center;\">80 Eur<\/td>\n<td style=\"text-align: center;\">50 Eur<\/td>\n<td style=\"text-align: center;\">50 Eur<\/td>\n<td style=\"text-align: center;\">40 Eur<\/td>\n<td style=\"text-align: center;\">60 Eur<\/td>\n<\/tr>\n<\/tbody>\n<\/table>\n<p>01. 04 &#8211; 30. 05 i 06. 09 &#8211; 01. 11. mamy zni\u017ck\u0119 dla rezerwowanie d\u0142u\u017csze od 7 dni 7=6, 14=12.<\/p>\n<p>[\/vc_column_text][\/vc_column][vc_column width=&#8221;1\/3&#8243;][vc_column_text][apb_check_available departure=&#8221;on&#8221; night=&#8221;on&#8221; room_type=&#8221;on&#8221; multi_room=&#8221;on&#8221; style=&#8221;horizontal&#8221;][\/vc_column_text][\/vc_column][\/vc_row][vc_row top_padding=&#8221;60px&#8221; bottom_padding=&#8221;60px&#8221;][vc_column width=&#8221;1\/2&#8243;][vc_row_inner][vc_column_inner width=&#8221;1\/3&#8243;][vc_single_image image=&#8221;160&#8243; img_size=&#8221;full&#8221; onclick=&#8221;custom_link&#8221; link=&#8221;https:\/\/beachandsunsethouse.com\/pl\/apb-room-type\/beach-house\/&#8221;][\/vc_column_inner][vc_column_inner width=&#8221;2\/3&#8243;][vc_custom_heading text=&#8221;BEACH HOUSE&#8221; font_container=&#8221;tag:h4|text_align:left|color:%23000000&#8243; google_fonts=&#8221;font_family:Roboto%3A100%2C100italic%2C300%2C300italic%2Cregular%2Citalic%2C500%2C500italic%2C700%2C700italic%2C900%2C900italic|font_style:500%20bold%20regular%3A500%3Anormal&#8221; link=&#8221;url:https%3A%2F%2Fbeachandsunsethouse.com%2Fpl%2Fapb-room-type%2Fbeach-house%2F|||&#8221; css=&#8221;.vc_custom_1477651807065{padding-top: 0px !important;padding-right: 0px !important;padding-bottom: 20px !important;padding-left: 0px !important;}&#8221;][vc_column_text]Powierzechnia apartamentu jest 31 m2, dla 2+2 os\u00f3b. Ma sypialni\u0119 kt\u00f3ra r\u00f3wnie\u017c jest salon ( ma dwuosobowe \u0142o\u017cko i sof\u0119 dwuosobow\u0105 rozk\u0142adan\u0105 ), kuchni\u0119, \u0142azienk\u0119 i dwa balkony.[\/vc_column_text][\/vc_column_inner][\/vc_row_inner][vc_row_inner top_padding=&#8221;30px&#8221;][vc_column_inner width=&#8221;1\/3&#8243;][vc_single_image image=&#8221;184&#8243; img_size=&#8221;full&#8221; onclick=&#8221;custom_link&#8221; link=&#8221;https:\/\/beachandsunsethouse.com\/pl\/apb-room-type\/sunset-house-apartament-b\/&#8221;][\/vc_column_inner][vc_column_inner width=&#8221;2\/3&#8243;][vc_custom_heading text=&#8221;SUNSET HOUSE APARTMAN B&#8221; font_container=&#8221;tag:h4|text_align:left|color:%23000000&#8243; google_fonts=&#8221;font_family:Roboto%3A100%2C100italic%2C300%2C300italic%2Cregular%2Citalic%2C500%2C500italic%2C700%2C700italic%2C900%2C900italic|font_style:500%20bold%20regular%3A500%3Anormal&#8221; link=&#8221;url:https%3A%2F%2Fbeachandsunsethouse.com%2Fpl%2Fapb-room-type%2Fsunset-house-apartament-b%2F|||&#8221; css=&#8221;.vc_custom_1477651896619{padding-bottom: 20px !important;}&#8221;][vc_column_text]Powierzechnia apartamentu jest 40 m2, dla 2+2 os\u00f3b. Ma jedn\u0105 sypialni\u0119, salon z sof\u0105 dwuosobow\u0105 rozk\u0142adan\u0105, kuchni\u0119, \u0142azienk\u0119 i taras.[\/vc_column_text][\/vc_column_inner][\/vc_row_inner][vc_row_inner top_padding=&#8221;30px&#8221;][vc_column_inner width=&#8221;1\/3&#8243;][vc_single_image image=&#8221;206&#8243; img_size=&#8221;full&#8221; onclick=&#8221;custom_link&#8221; link=&#8221;https:\/\/beachandsunsethouse.com\/pl\/apb-room-type\/sunset-house-apartament-d\/&#8221;][\/vc_column_inner][vc_column_inner width=&#8221;2\/3&#8243;][vc_custom_heading text=&#8221;SUNSET HOUSE APARTMAN D&#8221; font_container=&#8221;tag:h4|text_align:left|color:%23000000&#8243; google_fonts=&#8221;font_family:Roboto%3A100%2C100italic%2C300%2C300italic%2Cregular%2Citalic%2C500%2C500italic%2C700%2C700italic%2C900%2C900italic|font_style:500%20bold%20regular%3A500%3Anormal&#8221; link=&#8221;url:https%3A%2F%2Fbeachandsunsethouse.com%2Fpl%2Fapb-room-type%2Fsunset-house-apartament-d%2F|||&#8221; css=&#8221;.vc_custom_1477651945742{padding-bottom: 20px !important;}&#8221;][vc_column_text]Powierzechnia apartamentu jest 44 m2, dla 4+2 os\u00f3b. Ma dwie sypialnie, salon z sof\u0105 dwuosobow\u0105 rozk\u0142adan\u0105, kuchni\u0119, \u0142azienk\u0119 i dwa balkony.[\/vc_column_text][\/vc_column_inner][\/vc_row_inner][\/vc_column][vc_column width=&#8221;1\/2&#8243;][vc_row_inner][vc_column_inner width=&#8221;1\/3&#8243;][vc_single_image image=&#8221;173&#8243; img_size=&#8221;full&#8221; onclick=&#8221;custom_link&#8221; link=&#8221;https:\/\/beachandsunsethouse.com\/pl\/apb-room-type\/sunset-house-apartament-a\/&#8221;][\/vc_column_inner][vc_column_inner width=&#8221;2\/3&#8243;][vc_custom_heading text=&#8221;SUNSET HOUSE APARTMAN A&#8221; font_container=&#8221;tag:h4|text_align:left|color:%23000000&#8243; google_fonts=&#8221;font_family:Roboto%3A100%2C100italic%2C300%2C300italic%2Cregular%2Citalic%2C500%2C500italic%2C700%2C700italic%2C900%2C900italic|font_style:500%20bold%20regular%3A500%3Anormal&#8221; link=&#8221;url:https%3A%2F%2Fbeachandsunsethouse.com%2Fpl%2Fapb-room-type%2Fsunset-house-apartament-a%2F|||&#8221; css=&#8221;.vc_custom_1477651875916{padding-bottom: 20px !important;}&#8221;][vc_column_text]Powierzechnia apartamentu jest 44 m2, dla 4+2 os\u00f3b. Ma dwie sypialnie, salon z sof\u0105 dwuosobow\u0105 rozk\u0142adan\u0105, kuchni\u0119, \u0142azienk\u0119 i dwa balkony.[\/vc_column_text][\/vc_column_inner][\/vc_row_inner][vc_row_inner top_padding=&#8221;30px&#8221;][vc_column_inner width=&#8221;1\/3&#8243;][vc_single_image image=&#8221;192&#8243; img_size=&#8221;full&#8221; onclick=&#8221;custom_link&#8221; link=&#8221;https:\/\/beachandsunsethouse.com\/pl\/apb-room-type\/sunset-house-apartament-c-studio\/&#8221;][\/vc_column_inner][vc_column_inner width=&#8221;2\/3&#8243;][vc_custom_heading text=&#8221;SUNSET HOUSE APARTMAN C STUDIO&#8221; font_container=&#8221;tag:h4|text_align:left|color:%23000000&#8243; google_fonts=&#8221;font_family:Roboto%3A100%2C100italic%2C300%2C300italic%2Cregular%2Citalic%2C500%2C500italic%2C700%2C700italic%2C900%2C900italic|font_style:500%20bold%20regular%3A500%3Anormal&#8221; link=&#8221;url:https%3A%2F%2Fbeachandsunsethouse.com%2Fpl%2Fapb-room-type%2Fsunset-house-apartament-c-studio%2F|||&#8221; css=&#8221;.vc_custom_1477651917866{padding-bottom: 20px !important;}&#8221;][vc_column_text]Powierzechnia apartamentu jest 31 m2, dla 2+2 os\u00f3b. Ma sypialni\u0119 kt\u00f3ra r\u00f3wnie\u017c jest salon ( ma dwuosobowe \u0142o\u017cko i sof\u0119 dwuosobow\u0105 rozk\u0142adan\u0105 ), kuchni\u0119, \u0142azienk\u0119 i dwa balkony.[\/vc_column_text][\/vc_column_inner][\/vc_row_inner][\/vc_column][\/vc_row]<\/p>\n<\/div>","protected":false},"excerpt":{"rendered":"<p>[vc_row top_padding=&#8221;116px&#8221; bottom_padding=&#8221;126px&#8221; bk_element=&#8221;image&#8221; preload_bk=&#8221;yes&#8221; bg_image=&#8221;246&#8243;][vc_column width=&#8221;1\/1&#8243;][\/vc_column][\/vc_row][vc_row top_padding=&#8221;72px&#8221;][vc_column width=&#8221;2\/3&#8243;][vc_column_text] DATA BEACH HOUSE APP A APP B APP C STUDIO APP D 01.04 &#8211; 22.05 80 Eur 50 Eur 50 Eur 40 Eur 60 Eur 23.05 &#8211; 30.06 90 Eur 60 Eur 60 Eur 50 Eur 70 Eur 01.07 &#8211; 31.08 110 Eur 80 Eur 80 [&hellip;]<\/p>\n","protected":false},"author":1,"featured_media":0,"parent":0,"menu_order":4,"comment_status":"closed","ping_status":"closed","template":"","meta":{"footnotes":""},"class_list":["post-1475","page","type-page","status-publish","hentry"],"acf":[],"yoast_head":"<!-- This site is optimized with the Yoast SEO plugin v25.2 - https:\/\/yoast.com\/wordpress\/plugins\/seo\/ -->\n<title>Cennik - Beach and Sunset House Klenovica<\/title>\n<meta name=\"robots\" content=\"index, follow, max-snippet:-1, max-image-preview:large, max-video-preview:-1\" \/>\n<link rel=\"canonical\" href=\"https:\/\/beachandsunsethouse.com\/pl\/cennik\/\" \/>\n<meta property=\"og:locale\" content=\"pl_PL\" \/>\n<meta property=\"og:type\" content=\"article\" \/>\n<meta property=\"og:title\" content=\"Cennik - Beach and Sunset House Klenovica\" \/>\n<meta property=\"og:description\" content=\"[vc_row top_padding=&#8221;116px&#8221; bottom_padding=&#8221;126px&#8221; bk_element=&#8221;image&#8221; preload_bk=&#8221;yes&#8221; bg_image=&#8221;246&#8243;][vc_column width=&#8221;1\/1&#8243;][\/vc_column][\/vc_row][vc_row top_padding=&#8221;72px&#8221;][vc_column width=&#8221;2\/3&#8243;][vc_column_text] DATA BEACH HOUSE APP A APP B APP C STUDIO APP D 01.04 &#8211; 22.05 80 Eur 50 Eur 50 Eur 40 Eur 60 Eur 23.05 &#8211; 30.06 90 Eur 60 Eur 60 Eur 50 Eur 70 Eur 01.07 &#8211; 31.08 110 Eur 80 Eur 80 [&hellip;]\" \/>\n<meta property=\"og:url\" content=\"https:\/\/beachandsunsethouse.com\/pl\/cennik\/\" \/>\n<meta property=\"og:site_name\" content=\"Beach and Sunset House Klenovica\" \/>\n<meta property=\"article:modified_time\" content=\"2016-10-28T19:14:23+00:00\" \/>\n<meta name=\"twitter:card\" content=\"summary_large_image\" \/>\n<meta name=\"twitter:label1\" content=\"Szacowany czas czytania\" \/>\n\t<meta name=\"twitter:data1\" content=\"4 minuty\" \/>\n<script type=\"application\/ld+json\" class=\"yoast-schema-graph\">{\"@context\":\"https:\/\/schema.org\",\"@graph\":[{\"@type\":\"WebPage\",\"@id\":\"https:\/\/beachandsunsethouse.com\/pl\/cennik\/\",\"url\":\"https:\/\/beachandsunsethouse.com\/pl\/cennik\/\",\"name\":\"Cennik - Beach and Sunset House Klenovica\",\"isPartOf\":{\"@id\":\"https:\/\/beachandsunsethouse.com\/pl\/#website\"},\"datePublished\":\"2016-10-28T10:52:49+00:00\",\"dateModified\":\"2016-10-28T19:14:23+00:00\",\"breadcrumb\":{\"@id\":\"https:\/\/beachandsunsethouse.com\/pl\/cennik\/#breadcrumb\"},\"inLanguage\":\"pl-PL\",\"potentialAction\":[{\"@type\":\"ReadAction\",\"target\":[\"https:\/\/beachandsunsethouse.com\/pl\/cennik\/\"]}]},{\"@type\":\"BreadcrumbList\",\"@id\":\"https:\/\/beachandsunsethouse.com\/pl\/cennik\/#breadcrumb\",\"itemListElement\":[{\"@type\":\"ListItem\",\"position\":1,\"name\":\"Po\u010detna stranica\",\"item\":\"https:\/\/beachandsunsethouse.com\/pl\/\"},{\"@type\":\"ListItem\",\"position\":2,\"name\":\"Cennik\"}]},{\"@type\":\"WebSite\",\"@id\":\"https:\/\/beachandsunsethouse.com\/pl\/#website\",\"url\":\"https:\/\/beachandsunsethouse.com\/pl\/\",\"name\":\"Beach and Sunset House Klenovica\",\"description\":\"\",\"potentialAction\":[{\"@type\":\"SearchAction\",\"target\":{\"@type\":\"EntryPoint\",\"urlTemplate\":\"https:\/\/beachandsunsethouse.com\/pl\/?s={search_term_string}\"},\"query-input\":{\"@type\":\"PropertyValueSpecification\",\"valueRequired\":true,\"valueName\":\"search_term_string\"}}],\"inLanguage\":\"pl-PL\"}]}<\/script>\n<!-- \/ Yoast SEO plugin. -->","yoast_head_json":{"title":"Cennik - Beach and Sunset House Klenovica","robots":{"index":"index","follow":"follow","max-snippet":"max-snippet:-1","max-image-preview":"max-image-preview:large","max-video-preview":"max-video-preview:-1"},"canonical":"https:\/\/beachandsunsethouse.com\/pl\/cennik\/","og_locale":"pl_PL","og_type":"article","og_title":"Cennik - Beach and Sunset House Klenovica","og_description":"[vc_row top_padding=&#8221;116px&#8221; bottom_padding=&#8221;126px&#8221; bk_element=&#8221;image&#8221; preload_bk=&#8221;yes&#8221; bg_image=&#8221;246&#8243;][vc_column width=&#8221;1\/1&#8243;][\/vc_column][\/vc_row][vc_row top_padding=&#8221;72px&#8221;][vc_column width=&#8221;2\/3&#8243;][vc_column_text] DATA BEACH HOUSE APP A APP B APP C STUDIO APP D 01.04 &#8211; 22.05 80 Eur 50 Eur 50 Eur 40 Eur 60 Eur 23.05 &#8211; 30.06 90 Eur 60 Eur 60 Eur 50 Eur 70 Eur 01.07 &#8211; 31.08 110 Eur 80 Eur 80 [&hellip;]","og_url":"https:\/\/beachandsunsethouse.com\/pl\/cennik\/","og_site_name":"Beach and Sunset House Klenovica","article_modified_time":"2016-10-28T19:14:23+00:00","twitter_card":"summary_large_image","twitter_misc":{"Szacowany czas czytania":"4 minuty"},"schema":{"@context":"https:\/\/schema.org","@graph":[{"@type":"WebPage","@id":"https:\/\/beachandsunsethouse.com\/pl\/cennik\/","url":"https:\/\/beachandsunsethouse.com\/pl\/cennik\/","name":"Cennik - Beach and Sunset House Klenovica","isPartOf":{"@id":"https:\/\/beachandsunsethouse.com\/pl\/#website"},"datePublished":"2016-10-28T10:52:49+00:00","dateModified":"2016-10-28T19:14:23+00:00","breadcrumb":{"@id":"https:\/\/beachandsunsethouse.com\/pl\/cennik\/#breadcrumb"},"inLanguage":"pl-PL","potentialAction":[{"@type":"ReadAction","target":["https:\/\/beachandsunsethouse.com\/pl\/cennik\/"]}]},{"@type":"BreadcrumbList","@id":"https:\/\/beachandsunsethouse.com\/pl\/cennik\/#breadcrumb","itemListElement":[{"@type":"ListItem","position":1,"name":"Po\u010detna stranica","item":"https:\/\/beachandsunsethouse.com\/pl\/"},{"@type":"ListItem","position":2,"name":"Cennik"}]},{"@type":"WebSite","@id":"https:\/\/beachandsunsethouse.com\/pl\/#website","url":"https:\/\/beachandsunsethouse.com\/pl\/","name":"Beach and Sunset House Klenovica","description":"","potentialAction":[{"@type":"SearchAction","target":{"@type":"EntryPoint","urlTemplate":"https:\/\/beachandsunsethouse.com\/pl\/?s={search_term_string}"},"query-input":{"@type":"PropertyValueSpecification","valueRequired":true,"valueName":"search_term_string"}}],"inLanguage":"pl-PL"}]}},"_links":{"self":[{"href":"https:\/\/beachandsunsethouse.com\/pl\/wp-json\/wp\/v2\/pages\/1475","targetHints":{"allow":["GET"]}}],"collection":[{"href":"https:\/\/beachandsunsethouse.com\/pl\/wp-json\/wp\/v2\/pages"}],"about":[{"href":"https:\/\/beachandsunsethouse.com\/pl\/wp-json\/wp\/v2\/types\/page"}],"author":[{"embeddable":true,"href":"https:\/\/beachandsunsethouse.com\/pl\/wp-json\/wp\/v2\/users\/1"}],"replies":[{"embeddable":true,"href":"https:\/\/beachandsunsethouse.com\/pl\/wp-json\/wp\/v2\/comments?post=1475"}],"version-history":[{"count":0,"href":"https:\/\/beachandsunsethouse.com\/pl\/wp-json\/wp\/v2\/pages\/1475\/revisions"}],"wp:attachment":[{"href":"https:\/\/beachandsunsethouse.com\/pl\/wp-json\/wp\/v2\/media?parent=1475"}],"curies":[{"name":"wp","href":"https:\/\/api.w.org\/{rel}","templated":true}]}}