{"id":984,"date":"2016-09-08T13:56:46","date_gmt":"2016-09-08T11:56:46","guid":{"rendered":"https:\/\/beachandsunsethouse.com\/de\/?page_id=984"},"modified":"2016-09-09T18:44:55","modified_gmt":"2016-09-09T16:44:55","slug":"unterkunft","status":"publish","type":"page","link":"https:\/\/beachandsunsethouse.com\/de\/unterkunft\/","title":{"rendered":"Unterkunft"},"content":{"rendered":"<div class=\"wpb-content-wrapper\"><p>[vc_row top_padding=&#8220;186px&#8220; bottom_padding=&#8220;196px&#8220; bk_element=&#8220;image&#8220; preload_bk=&#8220;yes&#8220; bg_image=&#8220;246&#8243;][vc_column width=&#8220;1\/1&#8243;]<div class=\"prk_shortcode-title prk_break_word verve_center_align h1_sized\"><div class=\"header_font zero_color prk_vc_title\" style=\"color:#0ab6d1;text-shadow:0px 0px 1px rgba(10, 182, 209,0.2);\"><h1 style=\"font-weight:700;\">UNTERKUNFT<\/h1><\/div><div class=\"clearfix\"><\/div><\/div><div class=\"prk_shortcode-title prk_break_word verve_center_align h5_sized\"><div class=\"header_font zero_color prk_vc_title\" style=\"color:#ffffff;text-shadow:0px 0px 1px rgba(255, 255, 255,0.2);\"><h5 style=\"font-weight:600;\">Wir haben derzeit 5 Wohnungen in zwei H\u00e4usern, und wir k\u00f6nnen insgesamt 24 Personen unterbringen.Beach House <\/h5><\/div><div class=\"clearfix\"><\/div><\/div>[\/vc_column][\/vc_row][vc_row top_padding=&#8220;72px&#8220;][vc_column width=&#8220;1\/2&#8243;][vc_column_text]<strong><em>Beach House<\/em><\/strong> &#8211;\u00a0Es liegt am Strand, wie der Name schon sagt, und ist nur wenige Meter von dem kristallklaren Wasser entfernt. Derzeit mieten wir nur eine Wohnung, in der 6 Personen schlafen k\u00f6nnen.<\/p>\n<p><strong><em>Sunset House <\/em><\/strong>&#8211; Um unseren G\u00e4sten und ihren Freunden einen zus\u00e4tzlichen Service zu geben,haben wir wir ein anderes Haus mit 4 Wohnungen gekauft, das sich 100 m entfernt vom Beach House befindet.<\/p>\n<p>Weil wir unseren G\u00e4sten hohe Service bieten wollen, haben alle unsere Wohnungen Klimaanlagen, K\u00fcchenger\u00e4te, Internet, Sat-TV, Grill und einen Parkplatz im Hof.[\/vc_column_text][\/vc_column][vc_column width=&#8220;1\/2&#8243;][vc_column_text]Wir sind bereit, die <a href=\"\/?page_id=94\">h\u00f6chsten Anforderungen unserer G\u00e4ste auszuf\u00fcllen<\/a>, wie z. B. Ausfl\u00fcge zu den umliegenden Inseln im Ausflugsschiff, helfen mit dem Besuch im Nationalpark Plitvi\u010dka jezera,\u00a0 Fr\u00fchst\u00fcck arrangieren, Halbpension oder Vollpension in der nahe gelegenen Restaurants, eine professionelle Massage in Ihrem Unterkunft organisieren sowie viele andere Dinge, sodass sich unsere G\u00e4ste w\u00e4hrend ihres Urlaubs wohl f\u00fchlen.<\/p>\n<p>Wir laden Sie ein, <a href=\"\/?page_id=66\">Klenovica<\/a>, eine kleine Touristenstadt\u00a0 zu entdecken, wo man einen ganz anderen Urlaub als in den gro\u00dfen St\u00e4dten und Resorts erleben kann.<\/p>\n<p>[\/vc_column_text][\/vc_column][\/vc_row][vc_row top_padding=&#8220;60px&#8220; bottom_padding=&#8220;60px&#8220;][vc_column width=&#8220;1\/3&#8243;][vc_column_text][apb_check_available departure=&#8220;on&#8220; night=&#8220;on&#8220; room_type=&#8220;on&#8220; multi_room=&#8220;on&#8220; style=&#8220;vertical&#8220;][\/vc_column_text][\/vc_column][vc_column width=&#8220;2\/3&#8243;][vc_row_inner][vc_column_inner width=&#8220;1\/2&#8243;][vc_single_image image=&#8220;160&#8243; img_size=&#8220;full&#8220; onclick=&#8220;custom_link&#8220; link=&#8220;https:\/\/beachandsunsethouse.com\/de\/apb-room-type\/beach-house-de\/&#8220;][\/vc_column_inner][vc_column_inner width=&#8220;1\/2&#8243;][vc_custom_heading text=&#8220;BEACH HOUSE&#8220; font_container=&#8220;tag:h4|text_align:left|color:%23000000&#8243; google_fonts=&#8220;font_family:Roboto%3A100%2C100italic%2C300%2C300italic%2Cregular%2Citalic%2C500%2C500italic%2C700%2C700italic%2C900%2C900italic|font_style:500%20bold%20regular%3A500%3Anormal&#8220; link=&#8220;url:https%3A%2F%2Fbeachandsunsethouse.com%2Fde%2Fapb-room-type%2Fbeach-house-de%2F|||&#8220; css=&#8220;.vc_custom_1473439204888{padding-top: 0px !important;padding-right: 0px !important;padding-bottom: 20px !important;padding-left: 0px !important;}&#8220;][vc_column_text]Aktuell k\u00f6nnen wir eine Wohnung von 60 m2 mieten, die f\u00fcr 4 + 2 Personen geeignet ist und sich am Strand nur wenige Meter vom Meer befindet. Es besteht aus 2 Schlafzimmern, Wohnzimmer mit Schlafcouch, K\u00fcche, Bad und Terrasse.<\/p>\n<p><a href=\"\/?p=989\">Mehr informationen\u00a0<\/a>[\/vc_column_text][\/vc_column_inner][\/vc_row_inner][vc_row_inner top_padding=&#8220;30px&#8220;][vc_column_inner width=&#8220;1\/2&#8243;][vc_single_image image=&#8220;173&#8243; img_size=&#8220;full&#8220; onclick=&#8220;custom_link&#8220; link=&#8220;https:\/\/beachandsunsethouse.com\/de\/apb-room-type\/sunset-house-appartement-a\/&#8220;][\/vc_column_inner][vc_column_inner width=&#8220;1\/2&#8243;][vc_custom_heading text=&#8220;SUNSET HOUSE APARTMAN A&#8220; font_container=&#8220;tag:h4|text_align:left|color:%23000000&#8243; google_fonts=&#8220;font_family:Roboto%3A100%2C100italic%2C300%2C300italic%2Cregular%2Citalic%2C500%2C500italic%2C700%2C700italic%2C900%2C900italic|font_style:500%20bold%20regular%3A500%3Anormal&#8220; link=&#8220;url:https%3A%2F%2Fbeachandsunsethouse.com%2Fde%2Fapb-room-type%2Fsunset-house-appartement-a%2F|||&#8220; css=&#8220;.vc_custom_1473439231807{padding-bottom: 20px !important;}&#8220;][vc_column_text]Die Gr\u00f6\u00dfe des Appartements ist 44 m2 und ist\u00a0 f\u00fcr 2 + 2 Personen geeignet. Es besteht aus 1 Schlafzimmer, Wohnzimmer mit Schlafcouch , K\u00fcche, Bad und Terrasse.<\/p>\n<p><a href=\"\/?p=998\">Mehr informationen<\/a>[\/vc_column_text][\/vc_column_inner][\/vc_row_inner][vc_row_inner top_padding=&#8220;30px&#8220;][vc_column_inner width=&#8220;1\/2&#8243;][vc_single_image image=&#8220;184&#8243; img_size=&#8220;full&#8220; onclick=&#8220;custom_link&#8220; link=&#8220;https:\/\/beachandsunsethouse.com\/de\/apb-room-type\/sunset-house-appartement-b\/&#8220;][\/vc_column_inner][vc_column_inner width=&#8220;1\/2&#8243;][vc_custom_heading text=&#8220;SUNSET HOUSE APPARTEMENT B&#8220; font_container=&#8220;tag:h4|text_align:left|color:%23000000&#8243; google_fonts=&#8220;font_family:Roboto%3A100%2C100italic%2C300%2C300italic%2Cregular%2Citalic%2C500%2C500italic%2C700%2C700italic%2C900%2C900italic|font_style:500%20bold%20regular%3A500%3Anormal&#8220; link=&#8220;url:https%3A%2F%2Fbeachandsunsethouse.com%2Fde%2Fapb-room-type%2Fsunset-house-appartement-b%2F|||&#8220; css=&#8220;.vc_custom_1473439357887{padding-bottom: 20px !important;}&#8220;][vc_column_text]Die Gr\u00f6\u00dfe des Appartements ist 40 m2 und ist\u00a0 f\u00fcr 2 + 2 Personen geeignet.\u00a0Es besteht aus 1 Schlafzimmer, Wohnzimmer mit Schlafcouch , K\u00fcche, Bad und Terrasse.<\/p>\n<p><a href=\"\/?p=990\">Mehr informationen<\/a>[\/vc_column_text][\/vc_column_inner][\/vc_row_inner][vc_row_inner top_padding=&#8220;30px&#8220;][vc_column_inner width=&#8220;1\/2&#8243;][vc_single_image image=&#8220;192&#8243; img_size=&#8220;full&#8220; onclick=&#8220;custom_link&#8220; link=&#8220;https:\/\/beachandsunsethouse.com\/de\/apb-room-type\/sunset-house-appartement-c\/&#8220;][\/vc_column_inner][vc_column_inner width=&#8220;1\/2&#8243;][vc_custom_heading text=&#8220;SUNSET HOUSE APPARTEMENT C STUDIO&#8220; font_container=&#8220;tag:h4|text_align:left|color:%23000000&#8243; google_fonts=&#8220;font_family:Roboto%3A100%2C100italic%2C300%2C300italic%2Cregular%2Citalic%2C500%2C500italic%2C700%2C700italic%2C900%2C900italic|font_style:500%20bold%20regular%3A500%3Anormal&#8220; link=&#8220;url:https%3A%2F%2Fbeachandsunsethouse.com%2Fde%2Fapb-room-type%2Fsunset-house-appartement-c%2F|||&#8220; css=&#8220;.vc_custom_1473439402990{padding-bottom: 20px !important;}&#8220;][vc_column_text]Gr\u00f6\u00dfe des Appartements ist 31 m2 ist geeignet f\u00fcr 2 + 2 Personen. Es besteht aus einem Schlafzimmer, das auch das Wohnzimmer ist (in dem sich ein Doppelbett\u00a0 und Sitzgruppe befinden), K\u00fcche, Bad, Balkon und Terrasse.<\/p>\n<p><a href=\"\/?p=992\">Mehr informationen<\/a>[\/vc_column_text][\/vc_column_inner][\/vc_row_inner][vc_row_inner top_padding=&#8220;30px&#8220;][vc_column_inner width=&#8220;1\/2&#8243;][vc_single_image image=&#8220;206&#8243; img_size=&#8220;full&#8220; onclick=&#8220;custom_link&#8220; link=&#8220;https:\/\/beachandsunsethouse.com\/de\/apb-room-type\/sunset-house-appartement-d\/&#8220;][\/vc_column_inner][vc_column_inner width=&#8220;1\/2&#8243;][vc_custom_heading text=&#8220;SUNSET HOUSE APPARTEMENT D&#8220; font_container=&#8220;tag:h4|text_align:left|color:%23000000&#8243; google_fonts=&#8220;font_family:Roboto%3A100%2C100italic%2C300%2C300italic%2Cregular%2Citalic%2C500%2C500italic%2C700%2C700italic%2C900%2C900italic|font_style:500%20bold%20regular%3A500%3Anormal&#8220; link=&#8220;url:https%3A%2F%2Fbeachandsunsethouse.com%2Fde%2Fapb-room-type%2Fsunset-house-appartement-d%2F|||&#8220; css=&#8220;.vc_custom_1473439451189{padding-bottom: 20px !important;}&#8220;][vc_column_text]Die Gr\u00f6\u00dfe des Appartements ist 44 m2 und ist\u00a0 f\u00fcr 4 + 2 Personen geeignet. Es besteht aus 2 Schlafzimmern, Wohnzimmer mit Sitzgruppe, K\u00fcche, Bad und 2 Terrassen.<\/p>\n<p><a href=\"\/?p=993\">Mehr informationen<\/a>[\/vc_column_text][\/vc_column_inner][\/vc_row_inner][\/vc_column][\/vc_row]<\/p>\n<\/div>","protected":false},"excerpt":{"rendered":"<p>[vc_row top_padding=&#8220;186px&#8220; bottom_padding=&#8220;196px&#8220; bk_element=&#8220;image&#8220; preload_bk=&#8220;yes&#8220; bg_image=&#8220;246&#8243;][vc_column width=&#8220;1\/1&#8243;][\/vc_column][\/vc_row][vc_row top_padding=&#8220;72px&#8220;][vc_column width=&#8220;1\/2&#8243;][vc_column_text]Beach House &#8211;\u00a0Es liegt am Strand, wie der Name schon sagt, und ist nur wenige Meter von dem kristallklaren Wasser entfernt. Derzeit mieten wir nur eine Wohnung, in der 6 Personen schlafen k\u00f6nnen. Sunset House &#8211; Um unseren G\u00e4sten und ihren Freunden einen zus\u00e4tzlichen Service zu geben,haben [&hellip;]<\/p>\n","protected":false},"author":1,"featured_media":0,"parent":0,"menu_order":3,"comment_status":"closed","ping_status":"closed","template":"","meta":{"footnotes":""},"class_list":["post-984","page","type-page","status-publish","hentry"],"acf":[],"yoast_head":"<!-- This site is optimized with the Yoast SEO plugin v25.2 - https:\/\/yoast.com\/wordpress\/plugins\/seo\/ -->\n<title>Unterkunft - Beach and Sunset House Klenovica<\/title>\n<meta name=\"robots\" content=\"index, follow, max-snippet:-1, max-image-preview:large, max-video-preview:-1\" \/>\n<link rel=\"canonical\" href=\"https:\/\/beachandsunsethouse.com\/de\/unterkunft\/\" \/>\n<meta property=\"og:locale\" content=\"de_DE\" \/>\n<meta property=\"og:type\" content=\"article\" \/>\n<meta property=\"og:title\" content=\"Unterkunft - Beach and Sunset House Klenovica\" \/>\n<meta property=\"og:description\" content=\"[vc_row top_padding=&#8220;186px&#8220; bottom_padding=&#8220;196px&#8220; bk_element=&#8220;image&#8220; preload_bk=&#8220;yes&#8220; bg_image=&#8220;246&#8243;][vc_column width=&#8220;1\/1&#8243;][\/vc_column][\/vc_row][vc_row top_padding=&#8220;72px&#8220;][vc_column width=&#8220;1\/2&#8243;][vc_column_text]Beach House &#8211;\u00a0Es liegt am Strand, wie der Name schon sagt, und ist nur wenige Meter von dem kristallklaren Wasser entfernt. Derzeit mieten wir nur eine Wohnung, in der 6 Personen schlafen k\u00f6nnen. Sunset House &#8211; Um unseren G\u00e4sten und ihren Freunden einen zus\u00e4tzlichen Service zu geben,haben [&hellip;]\" \/>\n<meta property=\"og:url\" content=\"https:\/\/beachandsunsethouse.com\/de\/unterkunft\/\" \/>\n<meta property=\"og:site_name\" content=\"Beach and Sunset House Klenovica\" \/>\n<meta property=\"article:modified_time\" content=\"2016-09-09T16:44:55+00:00\" \/>\n<meta name=\"twitter:card\" content=\"summary_large_image\" \/>\n<meta name=\"twitter:label1\" content=\"Gesch\u00e4tzte Lesezeit\" \/>\n\t<meta name=\"twitter:data1\" content=\"5\u00a0Minuten\" \/>\n<script type=\"application\/ld+json\" class=\"yoast-schema-graph\">{\"@context\":\"https:\/\/schema.org\",\"@graph\":[{\"@type\":\"WebPage\",\"@id\":\"https:\/\/beachandsunsethouse.com\/de\/unterkunft\/\",\"url\":\"https:\/\/beachandsunsethouse.com\/de\/unterkunft\/\",\"name\":\"Unterkunft - Beach and Sunset House Klenovica\",\"isPartOf\":{\"@id\":\"https:\/\/beachandsunsethouse.com\/de\/#website\"},\"datePublished\":\"2016-09-08T11:56:46+00:00\",\"dateModified\":\"2016-09-09T16:44:55+00:00\",\"breadcrumb\":{\"@id\":\"https:\/\/beachandsunsethouse.com\/de\/unterkunft\/#breadcrumb\"},\"inLanguage\":\"de\",\"potentialAction\":[{\"@type\":\"ReadAction\",\"target\":[\"https:\/\/beachandsunsethouse.com\/de\/unterkunft\/\"]}]},{\"@type\":\"BreadcrumbList\",\"@id\":\"https:\/\/beachandsunsethouse.com\/de\/unterkunft\/#breadcrumb\",\"itemListElement\":[{\"@type\":\"ListItem\",\"position\":1,\"name\":\"Po\u010detna stranica\",\"item\":\"https:\/\/beachandsunsethouse.com\/de\/\"},{\"@type\":\"ListItem\",\"position\":2,\"name\":\"Unterkunft\"}]},{\"@type\":\"WebSite\",\"@id\":\"https:\/\/beachandsunsethouse.com\/de\/#website\",\"url\":\"https:\/\/beachandsunsethouse.com\/de\/\",\"name\":\"Beach and Sunset House Klenovica\",\"description\":\"\",\"potentialAction\":[{\"@type\":\"SearchAction\",\"target\":{\"@type\":\"EntryPoint\",\"urlTemplate\":\"https:\/\/beachandsunsethouse.com\/de\/?s={search_term_string}\"},\"query-input\":{\"@type\":\"PropertyValueSpecification\",\"valueRequired\":true,\"valueName\":\"search_term_string\"}}],\"inLanguage\":\"de\"}]}<\/script>\n<!-- \/ Yoast SEO plugin. -->","yoast_head_json":{"title":"Unterkunft - Beach and Sunset House Klenovica","robots":{"index":"index","follow":"follow","max-snippet":"max-snippet:-1","max-image-preview":"max-image-preview:large","max-video-preview":"max-video-preview:-1"},"canonical":"https:\/\/beachandsunsethouse.com\/de\/unterkunft\/","og_locale":"de_DE","og_type":"article","og_title":"Unterkunft - Beach and Sunset House Klenovica","og_description":"[vc_row top_padding=&#8220;186px&#8220; bottom_padding=&#8220;196px&#8220; bk_element=&#8220;image&#8220; preload_bk=&#8220;yes&#8220; bg_image=&#8220;246&#8243;][vc_column width=&#8220;1\/1&#8243;][\/vc_column][\/vc_row][vc_row top_padding=&#8220;72px&#8220;][vc_column width=&#8220;1\/2&#8243;][vc_column_text]Beach House &#8211;\u00a0Es liegt am Strand, wie der Name schon sagt, und ist nur wenige Meter von dem kristallklaren Wasser entfernt. Derzeit mieten wir nur eine Wohnung, in der 6 Personen schlafen k\u00f6nnen. Sunset House &#8211; Um unseren G\u00e4sten und ihren Freunden einen zus\u00e4tzlichen Service zu geben,haben [&hellip;]","og_url":"https:\/\/beachandsunsethouse.com\/de\/unterkunft\/","og_site_name":"Beach and Sunset House Klenovica","article_modified_time":"2016-09-09T16:44:55+00:00","twitter_card":"summary_large_image","twitter_misc":{"Gesch\u00e4tzte Lesezeit":"5\u00a0Minuten"},"schema":{"@context":"https:\/\/schema.org","@graph":[{"@type":"WebPage","@id":"https:\/\/beachandsunsethouse.com\/de\/unterkunft\/","url":"https:\/\/beachandsunsethouse.com\/de\/unterkunft\/","name":"Unterkunft - Beach and Sunset House Klenovica","isPartOf":{"@id":"https:\/\/beachandsunsethouse.com\/de\/#website"},"datePublished":"2016-09-08T11:56:46+00:00","dateModified":"2016-09-09T16:44:55+00:00","breadcrumb":{"@id":"https:\/\/beachandsunsethouse.com\/de\/unterkunft\/#breadcrumb"},"inLanguage":"de","potentialAction":[{"@type":"ReadAction","target":["https:\/\/beachandsunsethouse.com\/de\/unterkunft\/"]}]},{"@type":"BreadcrumbList","@id":"https:\/\/beachandsunsethouse.com\/de\/unterkunft\/#breadcrumb","itemListElement":[{"@type":"ListItem","position":1,"name":"Po\u010detna stranica","item":"https:\/\/beachandsunsethouse.com\/de\/"},{"@type":"ListItem","position":2,"name":"Unterkunft"}]},{"@type":"WebSite","@id":"https:\/\/beachandsunsethouse.com\/de\/#website","url":"https:\/\/beachandsunsethouse.com\/de\/","name":"Beach and Sunset House Klenovica","description":"","potentialAction":[{"@type":"SearchAction","target":{"@type":"EntryPoint","urlTemplate":"https:\/\/beachandsunsethouse.com\/de\/?s={search_term_string}"},"query-input":{"@type":"PropertyValueSpecification","valueRequired":true,"valueName":"search_term_string"}}],"inLanguage":"de"}]}},"_links":{"self":[{"href":"https:\/\/beachandsunsethouse.com\/de\/wp-json\/wp\/v2\/pages\/984","targetHints":{"allow":["GET"]}}],"collection":[{"href":"https:\/\/beachandsunsethouse.com\/de\/wp-json\/wp\/v2\/pages"}],"about":[{"href":"https:\/\/beachandsunsethouse.com\/de\/wp-json\/wp\/v2\/types\/page"}],"author":[{"embeddable":true,"href":"https:\/\/beachandsunsethouse.com\/de\/wp-json\/wp\/v2\/users\/1"}],"replies":[{"embeddable":true,"href":"https:\/\/beachandsunsethouse.com\/de\/wp-json\/wp\/v2\/comments?post=984"}],"version-history":[{"count":0,"href":"https:\/\/beachandsunsethouse.com\/de\/wp-json\/wp\/v2\/pages\/984\/revisions"}],"wp:attachment":[{"href":"https:\/\/beachandsunsethouse.com\/de\/wp-json\/wp\/v2\/media?parent=984"}],"curies":[{"name":"wp","href":"https:\/\/api.w.org\/{rel}","templated":true}]}}