{"id":981,"date":"2016-09-08T10:27:33","date_gmt":"2016-09-08T08:27:33","guid":{"rendered":"https:\/\/beachandsunsethouse.com\/de\/?page_id=981"},"modified":"2016-09-08T10:28:31","modified_gmt":"2016-09-08T08:28:31","slug":"was-zu-besichtigen","status":"publish","type":"page","link":"https:\/\/beachandsunsethouse.com\/de\/uber-uns\/was-zu-besichtigen\/","title":{"rendered":"Was zu besichtigen"},"content":{"rendered":"<div class=\"wpb-content-wrapper\"><p>[vc_row bk_element=&#8220;image&#8220; bg_image=&#8220;267&#8243;][vc_column column_height=&#8220;verve_forced_clm verve_vertical_clm&#8220; bg_image_vt_align=&#8220;verve_vt_top&#8220; width=&#8220;1\/2&#8243;][vc_single_image image=&#8220;250&#8243; img_size=&#8220;full&#8220;][\/vc_column][vc_column css_animation=&#8220;verve_fade_waypoint&#8220; width=&#8220;1\/2&#8243;]<div class=\"verve_spacer clearfix\" style=\"height:120px;\"><\/div><div class=\"prk_shortcode-title prk_break_word verve_left_align h5_sized\"><div class=\"custom_font zero_color prk_vc_title\"><h5 style=\"font-weight:400;\">Erkunden Sie Kroatien<\/h5><\/div><div class=\"clearfix\"><\/div><\/div><div class=\"prk_shortcode-title prk_break_word verve_left_align h2_sized\"><div class=\"header_font zero_color prk_vc_title\" style=\"margin-bottom:20px;\"><h2 style=\"font-weight:700;\">BESUCHEN<\/h2><\/div><div class=\"simple_line colored thick columns small-centered forced_mobile\" style=\"width:70px;\"><\/div><div class=\"clearfix\"><\/div><\/div><div class=\"verve_spacer clearfix\" style=\"height:6px;\"><\/div>[vc_column_text]<\/p>\n<p>Besuchen Sie NP Plitvi\u010dka jezera, gehen Sie auf einen eint\u00e4gigen Ausflug mit einem Touristenboot zu den nahegelegenen Inseln und genie\u00dfen Sie eine sch\u00f6ne Fahrt.<\/p>\n<p>Besuchen Sie nahegelegene St\u00e4dte <strong>Senj, Novi Vinodolski, Crikvenica und Rijeka<\/strong>.<\/p>\n<p>[\/vc_column_text]<div class=\"colored_theme_button prk_medium vrv_shortcoded\"><a href=\"https:\/\/www.facebook.com\/NP.PlitviceLakes\/\" target=\"_blank\" class=\"verve_anchor\">PLITVI\u010cKA JEZERA \u2192<\/a><\/div><div class=\"verve_spacer clearfix\" style=\"height:120px;\"><\/div>[\/vc_column][\/vc_row][vc_row top_padding=&#8220;72px&#8220; bottom_padding=&#8220;48px&#8220; el_id=&#8220;team&#8220;][vc_column width=&#8220;1\/1&#8243;]<div class=\"prk_shortcode-title prk_break_word verve_center_align wpb_animate_when_almost_visible wpb_verve_fade_waypoint h3_sized\"><div class=\"simple_line colored above thicker columns small-centered forced_mobile\" style=\"border-bottom-color:#0ab6d1;width:70px;\"><\/div><div class=\"header_font zero_color prk_vc_title\"><h3 style=\"font-weight:600;\">ERKUNDEN<\/h3><\/div><div class=\"clearfix\"><\/div><\/div><div class=\"prk_shortcode-title prk_break_word verve_center_align wpb_animate_when_almost_visible wpb_verve_fade_waypoint h2_sized\"><div class=\"custom_font zero_color prk_vc_title\" style=\"margin-bottom:12px;\"><h2 style=\"font-weight:400;\">Sie Kroatien<\/h2><\/div><div class=\"clearfix\"><\/div><\/div><div class=\"verve_spacer clearfix\" style=\"height:24px;\"><\/div>[\/vc_column][\/vc_row][vc_row bk_type=&#8220;verve_full_row&#8220; align=&#8220;verve_center_align&#8220;][vc_column width=&#8220;1\/1&#8243;]Instagram connection not available.[\/vc_column][\/vc_row]<\/p>\n<\/div>","protected":false},"excerpt":{"rendered":"<p>[vc_row bk_element=&#8220;image&#8220; bg_image=&#8220;267&#8243;][vc_column column_height=&#8220;verve_forced_clm verve_vertical_clm&#8220; bg_image_vt_align=&#8220;verve_vt_top&#8220; width=&#8220;1\/2&#8243;][vc_single_image image=&#8220;250&#8243; img_size=&#8220;full&#8220;][\/vc_column][vc_column css_animation=&#8220;verve_fade_waypoint&#8220; width=&#8220;1\/2&#8243;][vc_column_text] Besuchen Sie NP Plitvi\u010dka jezera, gehen Sie auf einen eint\u00e4gigen Ausflug mit einem Touristenboot zu den nahegelegenen Inseln und genie\u00dfen Sie eine sch\u00f6ne Fahrt. Besuchen Sie nahegelegene St\u00e4dte Senj, Novi Vinodolski, Crikvenica und Rijeka. [\/vc_column_text][\/vc_column][\/vc_row][vc_row top_padding=&#8220;72px&#8220; bottom_padding=&#8220;48px&#8220; el_id=&#8220;team&#8220;][vc_column width=&#8220;1\/1&#8243;][\/vc_column][\/vc_row][vc_row bk_type=&#8220;verve_full_row&#8220; align=&#8220;verve_center_align&#8220;][vc_column width=&#8220;1\/1&#8243;][\/vc_column][\/vc_row]<\/p>\n","protected":false},"author":1,"featured_media":0,"parent":975,"menu_order":2,"comment_status":"closed","ping_status":"closed","template":"","meta":{"footnotes":""},"class_list":["post-981","page","type-page","status-publish","hentry"],"acf":[],"yoast_head":"<!-- This site is optimized with the Yoast SEO plugin v25.2 - https:\/\/yoast.com\/wordpress\/plugins\/seo\/ -->\n<title>Was zu besichtigen - Beach and Sunset House Klenovica<\/title>\n<meta name=\"robots\" content=\"index, follow, max-snippet:-1, max-image-preview:large, max-video-preview:-1\" \/>\n<link rel=\"canonical\" href=\"https:\/\/beachandsunsethouse.com\/de\/uber-uns\/was-zu-besichtigen\/\" \/>\n<meta property=\"og:locale\" content=\"de_DE\" \/>\n<meta property=\"og:type\" content=\"article\" \/>\n<meta property=\"og:title\" content=\"Was zu besichtigen - Beach and Sunset House Klenovica\" \/>\n<meta property=\"og:description\" content=\"[vc_row bk_element=&#8220;image&#8220; bg_image=&#8220;267&#8243;][vc_column column_height=&#8220;verve_forced_clm verve_vertical_clm&#8220; bg_image_vt_align=&#8220;verve_vt_top&#8220; width=&#8220;1\/2&#8243;][vc_single_image image=&#8220;250&#8243; img_size=&#8220;full&#8220;][\/vc_column][vc_column css_animation=&#8220;verve_fade_waypoint&#8220; width=&#8220;1\/2&#8243;][vc_column_text] Besuchen Sie NP Plitvi\u010dka jezera, gehen Sie auf einen eint\u00e4gigen Ausflug mit einem Touristenboot zu den nahegelegenen Inseln und genie\u00dfen Sie eine sch\u00f6ne Fahrt. Besuchen Sie nahegelegene St\u00e4dte Senj, Novi Vinodolski, Crikvenica und Rijeka. [\/vc_column_text][\/vc_column][\/vc_row][vc_row top_padding=&#8220;72px&#8220; bottom_padding=&#8220;48px&#8220; el_id=&#8220;team&#8220;][vc_column width=&#8220;1\/1&#8243;][\/vc_column][\/vc_row][vc_row bk_type=&#8220;verve_full_row&#8220; align=&#8220;verve_center_align&#8220;][vc_column width=&#8220;1\/1&#8243;][\/vc_column][\/vc_row]\" \/>\n<meta property=\"og:url\" content=\"https:\/\/beachandsunsethouse.com\/de\/uber-uns\/was-zu-besichtigen\/\" \/>\n<meta property=\"og:site_name\" content=\"Beach and Sunset House Klenovica\" \/>\n<meta property=\"article:modified_time\" content=\"2016-09-08T08:28:31+00:00\" \/>\n<meta name=\"twitter:card\" content=\"summary_large_image\" \/>\n<meta name=\"twitter:label1\" content=\"Gesch\u00e4tzte Lesezeit\" \/>\n\t<meta name=\"twitter:data1\" content=\"1\u00a0Minute\" \/>\n<script type=\"application\/ld+json\" class=\"yoast-schema-graph\">{\"@context\":\"https:\/\/schema.org\",\"@graph\":[{\"@type\":\"WebPage\",\"@id\":\"https:\/\/beachandsunsethouse.com\/de\/uber-uns\/was-zu-besichtigen\/\",\"url\":\"https:\/\/beachandsunsethouse.com\/de\/uber-uns\/was-zu-besichtigen\/\",\"name\":\"Was zu besichtigen - Beach and Sunset House Klenovica\",\"isPartOf\":{\"@id\":\"https:\/\/beachandsunsethouse.com\/de\/#website\"},\"datePublished\":\"2016-09-08T08:27:33+00:00\",\"dateModified\":\"2016-09-08T08:28:31+00:00\",\"breadcrumb\":{\"@id\":\"https:\/\/beachandsunsethouse.com\/de\/uber-uns\/was-zu-besichtigen\/#breadcrumb\"},\"inLanguage\":\"de\",\"potentialAction\":[{\"@type\":\"ReadAction\",\"target\":[\"https:\/\/beachandsunsethouse.com\/de\/uber-uns\/was-zu-besichtigen\/\"]}]},{\"@type\":\"BreadcrumbList\",\"@id\":\"https:\/\/beachandsunsethouse.com\/de\/uber-uns\/was-zu-besichtigen\/#breadcrumb\",\"itemListElement\":[{\"@type\":\"ListItem\",\"position\":1,\"name\":\"Po\u010detna stranica\",\"item\":\"https:\/\/beachandsunsethouse.com\/de\/\"},{\"@type\":\"ListItem\",\"position\":2,\"name\":\"\u00dcber Uns\",\"item\":\"https:\/\/beachandsunsethouse.com\/de\/uber-uns\/\"},{\"@type\":\"ListItem\",\"position\":3,\"name\":\"Was zu besichtigen\"}]},{\"@type\":\"WebSite\",\"@id\":\"https:\/\/beachandsunsethouse.com\/de\/#website\",\"url\":\"https:\/\/beachandsunsethouse.com\/de\/\",\"name\":\"Beach and Sunset House Klenovica\",\"description\":\"\",\"potentialAction\":[{\"@type\":\"SearchAction\",\"target\":{\"@type\":\"EntryPoint\",\"urlTemplate\":\"https:\/\/beachandsunsethouse.com\/de\/?s={search_term_string}\"},\"query-input\":{\"@type\":\"PropertyValueSpecification\",\"valueRequired\":true,\"valueName\":\"search_term_string\"}}],\"inLanguage\":\"de\"}]}<\/script>\n<!-- \/ Yoast SEO plugin. -->","yoast_head_json":{"title":"Was zu besichtigen - Beach and Sunset House Klenovica","robots":{"index":"index","follow":"follow","max-snippet":"max-snippet:-1","max-image-preview":"max-image-preview:large","max-video-preview":"max-video-preview:-1"},"canonical":"https:\/\/beachandsunsethouse.com\/de\/uber-uns\/was-zu-besichtigen\/","og_locale":"de_DE","og_type":"article","og_title":"Was zu besichtigen - Beach and Sunset House Klenovica","og_description":"[vc_row bk_element=&#8220;image&#8220; bg_image=&#8220;267&#8243;][vc_column column_height=&#8220;verve_forced_clm verve_vertical_clm&#8220; bg_image_vt_align=&#8220;verve_vt_top&#8220; width=&#8220;1\/2&#8243;][vc_single_image image=&#8220;250&#8243; img_size=&#8220;full&#8220;][\/vc_column][vc_column css_animation=&#8220;verve_fade_waypoint&#8220; width=&#8220;1\/2&#8243;][vc_column_text] Besuchen Sie NP Plitvi\u010dka jezera, gehen Sie auf einen eint\u00e4gigen Ausflug mit einem Touristenboot zu den nahegelegenen Inseln und genie\u00dfen Sie eine sch\u00f6ne Fahrt. Besuchen Sie nahegelegene St\u00e4dte Senj, Novi Vinodolski, Crikvenica und Rijeka. [\/vc_column_text][\/vc_column][\/vc_row][vc_row top_padding=&#8220;72px&#8220; bottom_padding=&#8220;48px&#8220; el_id=&#8220;team&#8220;][vc_column width=&#8220;1\/1&#8243;][\/vc_column][\/vc_row][vc_row bk_type=&#8220;verve_full_row&#8220; align=&#8220;verve_center_align&#8220;][vc_column width=&#8220;1\/1&#8243;][\/vc_column][\/vc_row]","og_url":"https:\/\/beachandsunsethouse.com\/de\/uber-uns\/was-zu-besichtigen\/","og_site_name":"Beach and Sunset House Klenovica","article_modified_time":"2016-09-08T08:28:31+00:00","twitter_card":"summary_large_image","twitter_misc":{"Gesch\u00e4tzte Lesezeit":"1\u00a0Minute"},"schema":{"@context":"https:\/\/schema.org","@graph":[{"@type":"WebPage","@id":"https:\/\/beachandsunsethouse.com\/de\/uber-uns\/was-zu-besichtigen\/","url":"https:\/\/beachandsunsethouse.com\/de\/uber-uns\/was-zu-besichtigen\/","name":"Was zu besichtigen - Beach and Sunset House Klenovica","isPartOf":{"@id":"https:\/\/beachandsunsethouse.com\/de\/#website"},"datePublished":"2016-09-08T08:27:33+00:00","dateModified":"2016-09-08T08:28:31+00:00","breadcrumb":{"@id":"https:\/\/beachandsunsethouse.com\/de\/uber-uns\/was-zu-besichtigen\/#breadcrumb"},"inLanguage":"de","potentialAction":[{"@type":"ReadAction","target":["https:\/\/beachandsunsethouse.com\/de\/uber-uns\/was-zu-besichtigen\/"]}]},{"@type":"BreadcrumbList","@id":"https:\/\/beachandsunsethouse.com\/de\/uber-uns\/was-zu-besichtigen\/#breadcrumb","itemListElement":[{"@type":"ListItem","position":1,"name":"Po\u010detna stranica","item":"https:\/\/beachandsunsethouse.com\/de\/"},{"@type":"ListItem","position":2,"name":"\u00dcber Uns","item":"https:\/\/beachandsunsethouse.com\/de\/uber-uns\/"},{"@type":"ListItem","position":3,"name":"Was zu besichtigen"}]},{"@type":"WebSite","@id":"https:\/\/beachandsunsethouse.com\/de\/#website","url":"https:\/\/beachandsunsethouse.com\/de\/","name":"Beach and Sunset House Klenovica","description":"","potentialAction":[{"@type":"SearchAction","target":{"@type":"EntryPoint","urlTemplate":"https:\/\/beachandsunsethouse.com\/de\/?s={search_term_string}"},"query-input":{"@type":"PropertyValueSpecification","valueRequired":true,"valueName":"search_term_string"}}],"inLanguage":"de"}]}},"_links":{"self":[{"href":"https:\/\/beachandsunsethouse.com\/de\/wp-json\/wp\/v2\/pages\/981","targetHints":{"allow":["GET"]}}],"collection":[{"href":"https:\/\/beachandsunsethouse.com\/de\/wp-json\/wp\/v2\/pages"}],"about":[{"href":"https:\/\/beachandsunsethouse.com\/de\/wp-json\/wp\/v2\/types\/page"}],"author":[{"embeddable":true,"href":"https:\/\/beachandsunsethouse.com\/de\/wp-json\/wp\/v2\/users\/1"}],"replies":[{"embeddable":true,"href":"https:\/\/beachandsunsethouse.com\/de\/wp-json\/wp\/v2\/comments?post=981"}],"version-history":[{"count":0,"href":"https:\/\/beachandsunsethouse.com\/de\/wp-json\/wp\/v2\/pages\/981\/revisions"}],"up":[{"embeddable":true,"href":"https:\/\/beachandsunsethouse.com\/de\/wp-json\/wp\/v2\/pages\/975"}],"wp:attachment":[{"href":"https:\/\/beachandsunsethouse.com\/de\/wp-json\/wp\/v2\/media?parent=981"}],"curies":[{"name":"wp","href":"https:\/\/api.w.org\/{rel}","templated":true}]}}