{"id":1253,"date":"2016-09-10T13:21:31","date_gmt":"2016-09-10T11:21:31","guid":{"rendered":"https:\/\/beachandsunsethouse.com\/cs\/?page_id=1253"},"modified":"2016-09-10T13:21:31","modified_gmt":"2016-09-10T11:21:31","slug":"nam-dostat","status":"publish","type":"page","link":"https:\/\/beachandsunsethouse.com\/cs\/nam-dostat\/","title":{"rendered":"Jak se k n\u00e1m dostat"},"content":{"rendered":"<div class=\"wpb-content-wrapper\"><p>[vc_row top_padding=&#8220;106px&#8220; bottom_padding=&#8220;106px&#8220; bk_element=&#8220;image&#8220; bg_image=&#8220;220&#8243;][vc_column width=&#8220;1\/1&#8243;]<div class=\"prk_shortcode-title prk_break_word verve_center_align h1_sized\"><div class=\"header_font zero_color prk_vc_title\" style=\"color:#0ab6d1;text-shadow:0px 0px 1px rgba(10, 182, 209,0.2);\"><h1 style=\"font-weight:700;\">Jak se k n\u00e1m dostat?<\/h1><\/div><div class=\"clearfix\"><\/div><\/div>[\/vc_column][\/vc_row][vc_row top_padding=&#8220;72px&#8220; bottom_padding=&#8220;72px&#8220;][vc_column width=&#8220;1\/1&#8243;][vc_row_inner][vc_column_inner width=&#8220;1\/2&#8243;]<div class=\"prk_shortcode-title prk_break_word verve_center_align h3_sized\"><div class=\"header_font zero_color prk_vc_title\" style=\"color:#0a0a0a;text-shadow:0px 0px 1px rgba(10, 10, 10,0.2);\"><h3 style=\"font-weight:600;\">BEACH HOUSE<br \/>\n<\/h3><\/div><div class=\"clearfix\"><\/div><\/div><div class=\"prk_shortcode-title prk_break_word verve_center_align h4_sized\"><div class=\"verve_italic header_font zero_color prk_vc_title\" style=\"color:#0a0a0a;text-shadow:0px 0px 1px rgba(10, 10, 10,0.2);margin-bottom:30px;\"><h4 style=\"font-weight:300;\">Zidinice 24, 51252 Klenovica, Hrvatska<\/h4><\/div><div class=\"clearfix\"><\/div><\/div>[vc_column_text]<iframe loading=\"lazy\" style=\"border: 0;\" src=\"https:\/\/www.google.com\/maps\/embed?pb=!1m21!1m12!1m3!1d2368.2871522918076!2d14.844950842900523!3d45.09828468918119!2m3!1f0!2f0!3f0!3m2!1i1024!2i768!4f13.1!4m6!3e6!4m0!4m3!3m2!1d45.0999054!2d14.843299799999999!5e0!3m2!1sen!2shr!4v1472219209419\" width=\"600\" height=\"450\" frameborder=\"0\" allowfullscreen=\"allowfullscreen\" data-mce-fragment=\"1\"><\/iframe>[\/vc_column_text][\/vc_column_inner][vc_column_inner width=&#8220;1\/2&#8243;]<div class=\"prk_shortcode-title prk_break_word verve_center_align h3_sized\"><div class=\"header_font zero_color prk_vc_title\" style=\"color:#0a0a0a;text-shadow:0px 0px 1px rgba(10, 10, 10,0.2);\"><h3 style=\"font-weight:600;\">SUNSET HOUSE<br \/>\n<\/h3><\/div><div class=\"clearfix\"><\/div><\/div><div class=\"prk_shortcode-title prk_break_word verve_center_align h4_sized\"><div class=\"verve_italic header_font zero_color prk_vc_title\" style=\"color:#0a0a0a;text-shadow:0px 0px 1px rgba(10, 10, 10,0.2);margin-bottom:30px;\"><h4 style=\"font-weight:300;\">Stjepana Radi\u0107a 5A, 51252 Klenovica, Hrvatska<br \/>\n<\/h4><\/div><div class=\"clearfix\"><\/div><\/div>[vc_column_text]<iframe loading=\"lazy\" style=\"border: 0;\" src=\"https:\/\/www.google.com\/maps\/embed?pb=!1m18!1m12!1m3!1d2816.2717284038595!2d14.842457615043955!3d45.10055946565556!2m3!1f0!2f0!3f0!3m2!1i1024!2i768!4f13.1!3m3!1m2!1s0x476382dcda1ef537%3A0xa8a16bcb5d1e610!2sUl.+Stjepana+Radi%C4%87a%2C+51252%2C+Klenovica!5e0!3m2!1sen!2shr!4v1472218769212\" width=\"600\" height=\"450\" frameborder=\"0\" allowfullscreen=\"allowfullscreen\" data-mce-fragment=\"1\"><\/iframe>[\/vc_column_text][\/vc_column_inner][\/vc_row_inner]<div class=\"verve_spacer clearfix\" style=\"margin-top:px;\"><\/div>[\/vc_column][\/vc_row][vc_row top_padding=&#8220;22px&#8220; bottom_padding=&#8220;72px&#8220; bk_element=&#8220;image&#8220; align=&#8220;verve_center_align&#8220; bg_image=&#8220;329&#8243;][vc_column width=&#8220;1\/6&#8243;][\/vc_column][vc_column width=&#8220;4\/6&#8243;]<div class=\"verve_spacer clearfix\" style=\"margin-top:px;\"><\/div>[vc_column_text]<iframe loading=\"lazy\" style=\"border: none; width: 980; height: 745px;\" src=\"http:\/\/www.zadar-airport.hr\/destinacije-embed\" width=\"980\" height=\"745\" data-mce-fragment=\"1\"><\/iframe>[\/vc_column_text][\/vc_column][vc_column width=&#8220;1\/6&#8243;][\/vc_column][\/vc_row]<\/p>\n<\/div>","protected":false},"excerpt":{"rendered":"<p>[vc_row top_padding=&#8220;106px&#8220; bottom_padding=&#8220;106px&#8220; bk_element=&#8220;image&#8220; bg_image=&#8220;220&#8243;][vc_column width=&#8220;1\/1&#8243;][\/vc_column][\/vc_row][vc_row top_padding=&#8220;72px&#8220; bottom_padding=&#8220;72px&#8220;][vc_column width=&#8220;1\/1&#8243;][vc_row_inner][vc_column_inner width=&#8220;1\/2&#8243;][vc_column_text][\/vc_column_text][\/vc_column_inner][vc_column_inner width=&#8220;1\/2&#8243;][vc_column_text][\/vc_column_text][\/vc_column_inner][\/vc_row_inner][\/vc_column][\/vc_row][vc_row top_padding=&#8220;22px&#8220; bottom_padding=&#8220;72px&#8220; bk_element=&#8220;image&#8220; align=&#8220;verve_center_align&#8220; bg_image=&#8220;329&#8243;][vc_column width=&#8220;1\/6&#8243;][\/vc_column][vc_column width=&#8220;4\/6&#8243;][vc_column_text][\/vc_column_text][\/vc_column][vc_column width=&#8220;1\/6&#8243;][\/vc_column][\/vc_row]<\/p>\n","protected":false},"author":1,"featured_media":0,"parent":0,"menu_order":9,"comment_status":"closed","ping_status":"closed","template":"","meta":{"footnotes":""},"class_list":["post-1253","page","type-page","status-publish","hentry"],"acf":[],"yoast_head":"<!-- This site is optimized with the Yoast SEO plugin v25.2 - https:\/\/yoast.com\/wordpress\/plugins\/seo\/ -->\n<title>Jak se k n\u00e1m dostat - Beach and Sunset House Klenovica<\/title>\n<meta name=\"robots\" content=\"index, follow, max-snippet:-1, max-image-preview:large, max-video-preview:-1\" \/>\n<link rel=\"canonical\" href=\"https:\/\/beachandsunsethouse.com\/cs\/nam-dostat\/\" \/>\n<meta property=\"og:locale\" content=\"cs_CZ\" \/>\n<meta property=\"og:type\" content=\"article\" \/>\n<meta property=\"og:title\" content=\"Jak se k n\u00e1m dostat - Beach and Sunset House Klenovica\" \/>\n<meta property=\"og:description\" content=\"[vc_row top_padding=&#8220;106px&#8220; bottom_padding=&#8220;106px&#8220; bk_element=&#8220;image&#8220; bg_image=&#8220;220&#8243;][vc_column width=&#8220;1\/1&#8243;][\/vc_column][\/vc_row][vc_row top_padding=&#8220;72px&#8220; bottom_padding=&#8220;72px&#8220;][vc_column width=&#8220;1\/1&#8243;][vc_row_inner][vc_column_inner width=&#8220;1\/2&#8243;][vc_column_text][\/vc_column_text][\/vc_column_inner][vc_column_inner width=&#8220;1\/2&#8243;][vc_column_text][\/vc_column_text][\/vc_column_inner][\/vc_row_inner][\/vc_column][\/vc_row][vc_row top_padding=&#8220;22px&#8220; bottom_padding=&#8220;72px&#8220; bk_element=&#8220;image&#8220; align=&#8220;verve_center_align&#8220; bg_image=&#8220;329&#8243;][vc_column width=&#8220;1\/6&#8243;][\/vc_column][vc_column width=&#8220;4\/6&#8243;][vc_column_text][\/vc_column_text][\/vc_column][vc_column width=&#8220;1\/6&#8243;][\/vc_column][\/vc_row]\" \/>\n<meta property=\"og:url\" content=\"https:\/\/beachandsunsethouse.com\/cs\/nam-dostat\/\" \/>\n<meta property=\"og:site_name\" content=\"Beach and Sunset House Klenovica\" \/>\n<meta name=\"twitter:card\" content=\"summary_large_image\" \/>\n<meta name=\"twitter:label1\" content=\"Odhadovan\u00e1 doba \u010dten\u00ed\" \/>\n\t<meta name=\"twitter:data1\" content=\"1 minuta\" \/>\n<script type=\"application\/ld+json\" class=\"yoast-schema-graph\">{\"@context\":\"https:\/\/schema.org\",\"@graph\":[{\"@type\":\"WebPage\",\"@id\":\"https:\/\/beachandsunsethouse.com\/cs\/nam-dostat\/\",\"url\":\"https:\/\/beachandsunsethouse.com\/cs\/nam-dostat\/\",\"name\":\"Jak se k n\u00e1m dostat - Beach and Sunset House Klenovica\",\"isPartOf\":{\"@id\":\"https:\/\/beachandsunsethouse.com\/cs\/#website\"},\"datePublished\":\"2016-09-10T11:21:31+00:00\",\"breadcrumb\":{\"@id\":\"https:\/\/beachandsunsethouse.com\/cs\/nam-dostat\/#breadcrumb\"},\"inLanguage\":\"cs\",\"potentialAction\":[{\"@type\":\"ReadAction\",\"target\":[\"https:\/\/beachandsunsethouse.com\/cs\/nam-dostat\/\"]}]},{\"@type\":\"BreadcrumbList\",\"@id\":\"https:\/\/beachandsunsethouse.com\/cs\/nam-dostat\/#breadcrumb\",\"itemListElement\":[{\"@type\":\"ListItem\",\"position\":1,\"name\":\"Po\u010detna stranica\",\"item\":\"https:\/\/beachandsunsethouse.com\/cs\/\"},{\"@type\":\"ListItem\",\"position\":2,\"name\":\"Jak se k n\u00e1m dostat\"}]},{\"@type\":\"WebSite\",\"@id\":\"https:\/\/beachandsunsethouse.com\/cs\/#website\",\"url\":\"https:\/\/beachandsunsethouse.com\/cs\/\",\"name\":\"Beach and Sunset House Klenovica\",\"description\":\"\",\"potentialAction\":[{\"@type\":\"SearchAction\",\"target\":{\"@type\":\"EntryPoint\",\"urlTemplate\":\"https:\/\/beachandsunsethouse.com\/cs\/?s={search_term_string}\"},\"query-input\":{\"@type\":\"PropertyValueSpecification\",\"valueRequired\":true,\"valueName\":\"search_term_string\"}}],\"inLanguage\":\"cs\"}]}<\/script>\n<!-- \/ Yoast SEO plugin. -->","yoast_head_json":{"title":"Jak se k n\u00e1m dostat - Beach and Sunset House Klenovica","robots":{"index":"index","follow":"follow","max-snippet":"max-snippet:-1","max-image-preview":"max-image-preview:large","max-video-preview":"max-video-preview:-1"},"canonical":"https:\/\/beachandsunsethouse.com\/cs\/nam-dostat\/","og_locale":"cs_CZ","og_type":"article","og_title":"Jak se k n\u00e1m dostat - Beach and Sunset House Klenovica","og_description":"[vc_row top_padding=&#8220;106px&#8220; bottom_padding=&#8220;106px&#8220; bk_element=&#8220;image&#8220; bg_image=&#8220;220&#8243;][vc_column width=&#8220;1\/1&#8243;][\/vc_column][\/vc_row][vc_row top_padding=&#8220;72px&#8220; bottom_padding=&#8220;72px&#8220;][vc_column width=&#8220;1\/1&#8243;][vc_row_inner][vc_column_inner width=&#8220;1\/2&#8243;][vc_column_text][\/vc_column_text][\/vc_column_inner][vc_column_inner width=&#8220;1\/2&#8243;][vc_column_text][\/vc_column_text][\/vc_column_inner][\/vc_row_inner][\/vc_column][\/vc_row][vc_row top_padding=&#8220;22px&#8220; bottom_padding=&#8220;72px&#8220; bk_element=&#8220;image&#8220; align=&#8220;verve_center_align&#8220; bg_image=&#8220;329&#8243;][vc_column width=&#8220;1\/6&#8243;][\/vc_column][vc_column width=&#8220;4\/6&#8243;][vc_column_text][\/vc_column_text][\/vc_column][vc_column width=&#8220;1\/6&#8243;][\/vc_column][\/vc_row]","og_url":"https:\/\/beachandsunsethouse.com\/cs\/nam-dostat\/","og_site_name":"Beach and Sunset House Klenovica","twitter_card":"summary_large_image","twitter_misc":{"Odhadovan\u00e1 doba \u010dten\u00ed":"1 minuta"},"schema":{"@context":"https:\/\/schema.org","@graph":[{"@type":"WebPage","@id":"https:\/\/beachandsunsethouse.com\/cs\/nam-dostat\/","url":"https:\/\/beachandsunsethouse.com\/cs\/nam-dostat\/","name":"Jak se k n\u00e1m dostat - Beach and Sunset House Klenovica","isPartOf":{"@id":"https:\/\/beachandsunsethouse.com\/cs\/#website"},"datePublished":"2016-09-10T11:21:31+00:00","breadcrumb":{"@id":"https:\/\/beachandsunsethouse.com\/cs\/nam-dostat\/#breadcrumb"},"inLanguage":"cs","potentialAction":[{"@type":"ReadAction","target":["https:\/\/beachandsunsethouse.com\/cs\/nam-dostat\/"]}]},{"@type":"BreadcrumbList","@id":"https:\/\/beachandsunsethouse.com\/cs\/nam-dostat\/#breadcrumb","itemListElement":[{"@type":"ListItem","position":1,"name":"Po\u010detna stranica","item":"https:\/\/beachandsunsethouse.com\/cs\/"},{"@type":"ListItem","position":2,"name":"Jak se k n\u00e1m dostat"}]},{"@type":"WebSite","@id":"https:\/\/beachandsunsethouse.com\/cs\/#website","url":"https:\/\/beachandsunsethouse.com\/cs\/","name":"Beach and Sunset House Klenovica","description":"","potentialAction":[{"@type":"SearchAction","target":{"@type":"EntryPoint","urlTemplate":"https:\/\/beachandsunsethouse.com\/cs\/?s={search_term_string}"},"query-input":{"@type":"PropertyValueSpecification","valueRequired":true,"valueName":"search_term_string"}}],"inLanguage":"cs"}]}},"_links":{"self":[{"href":"https:\/\/beachandsunsethouse.com\/cs\/wp-json\/wp\/v2\/pages\/1253","targetHints":{"allow":["GET"]}}],"collection":[{"href":"https:\/\/beachandsunsethouse.com\/cs\/wp-json\/wp\/v2\/pages"}],"about":[{"href":"https:\/\/beachandsunsethouse.com\/cs\/wp-json\/wp\/v2\/types\/page"}],"author":[{"embeddable":true,"href":"https:\/\/beachandsunsethouse.com\/cs\/wp-json\/wp\/v2\/users\/1"}],"replies":[{"embeddable":true,"href":"https:\/\/beachandsunsethouse.com\/cs\/wp-json\/wp\/v2\/comments?post=1253"}],"version-history":[{"count":0,"href":"https:\/\/beachandsunsethouse.com\/cs\/wp-json\/wp\/v2\/pages\/1253\/revisions"}],"wp:attachment":[{"href":"https:\/\/beachandsunsethouse.com\/cs\/wp-json\/wp\/v2\/media?parent=1253"}],"curies":[{"name":"wp","href":"https:\/\/api.w.org\/{rel}","templated":true}]}}