{"id":1242,"date":"2016-09-10T12:49:45","date_gmt":"2016-09-10T10:49:45","guid":{"rendered":"https:\/\/beachandsunsethouse.com\/cs\/?page_id=1242"},"modified":"2016-09-10T12:49:45","modified_gmt":"2016-09-10T10:49:45","slug":"o-klenovici","status":"publish","type":"page","link":"https:\/\/beachandsunsethouse.com\/cs\/o-nas\/o-klenovici\/","title":{"rendered":"O Klenovici"},"content":{"rendered":"<div class=\"wpb-content-wrapper\"><p>[vc_row top_padding=&#8220;90px&#8220; bottom_padding=&#8220;120px&#8220; bk_element=&#8220;image&#8220; el_class=&#8220;verve_retina&#8220; bg_image=&#8220;11&#8243;][vc_column width=&#8220;1\/1&#8243;]<div class=\"prk_shortcode-title prk_break_word verve_center_align wpb_animate_when_almost_visible wpb_bottom-to-top h2_sized\"><div class=\"header_font zero_color prk_vc_title\" style=\"color:#ffffff;text-shadow:0px 0px 1px rgba(255, 255, 255,0.2);margin-bottom:28px;\"><h2 style=\"font-weight:600;\">O KLENOVICI<\/h2><\/div><div class=\"simple_line colored thin columns small-centered forced_mobile\" style=\"width:70px;\"><\/div><div class=\"clearfix\"><\/div><\/div>[vc_column_text drop_cap=&#8220;yes&#8220; custom_css=&#8220;color: #ffffff; padding-bottom:50px;&#8220;]M\u011bste\u010dko Klenovica se nach\u00e1z\u00ed dev\u011bt kilometr\u016f ji\u017en\u011b od m\u00edsta Novi Vinodolski. Pr\u00e1v\u011b Klenovica je ta mal\u00e1 ryb\u00e1\u0159sk\u00e1 vesnice, kter\u00e1 sv\u00e9mu ryb\u00e1\u0159i a mo\u0159i vzdal velkou poctu. Pro obyvatele Klenovice mo\u0159e je tot\u00e9\u017e co \u017eivot. Nejlep\u0161\u00edm d\u016fkazem toho je pam\u00e1tn\u00edk \u017eij\u00edc\u00edmu ryb\u00e1\u0159i v p\u0159\u00edstavu.<\/p>\n<p>Dnes je Klenovica zn\u00e1m\u011bj\u0161\u00ed jako turistick\u00e9 letovisko, ide\u00e1ln\u00ed pro odpo\u010dinek a rekreaci, jeho\u017e hlavn\u00edm rysem je \u010distota mo\u0159e a krajiny. V minulosti, soud\u011b podle po\u010dtu lovn\u00fdch za\u0159\u00edzen\u00ed na tu\u0148aky, lov tu\u0148\u00e1k\u016f byl nejd\u016fle\u017eit\u011bj\u0161\u00ed formou rybolovu v t\u00e9to oblasti.<\/p>\n<p>D\u016fkazem toho jsou op\u011bt funk\u010dn\u00e9 str\u00e1\u017en\u00ed v\u011b\u017ee na lov tu\u0148\u00e1k\u016f, kter\u00e9 byly odebr\u00e1ny pades\u00e1t\u00fdch let. Jsou symbolem t\u011b\u017ek\u00e9ho \u017eivota ryb\u00e1\u0159\u016f a n\u00e1mo\u0159n\u00edk\u016f. Jedna z nich se nach\u00e1z\u00ed na ostr\u016fvku Sv. Antona, kter\u00fd se zd\u00e1 jako poloostrov, proto\u017ee cesta k\u00a0n\u011bmu byla zasyp\u00e1na obrovsk\u00fdm kamen\u00edm.<\/p>\n<p>T\u00edmto zp\u016fsobem klenovarsk\u00e9 pl\u00e1\u017ee, jakoby dostali jakousi ochranu p\u0159ed mo\u0159sk\u00fdmi \u00fadery a siln\u00fdmi b\u00f3rami, foukaj\u00edc\u00ed zde mimo\u0159\u00e1dn\u011b siln\u011b v zimn\u00edch m\u011bs\u00edc\u00edch. Vegetace je charakterizov\u00e1na pustotou p\u016fdy s enkl\u00e1vami degradovan\u00fdch krasov\u00fdch h\u00e1j\u016f javora poln\u00edho, dub p\u00fd\u0159it\u00e9ho, habru b\u00edl\u00e9ho a \u010derven\u00e9ho a jasnu \u010dern\u00e9ho.<\/p>\n<p>Poc\u00edt\u00edte i v\u016fni borovice \u010dern\u00e9, kter\u00e1 je v t\u00e9to oblasti um\u011ble vznikla. Klenovici na severn\u00ed stran\u011b st\u00e1le chr\u00e1n\u00ed zalesn\u011bn\u00e9 z\u00e1zem\u00ed a turisty l\u00e1kaj\u00ed v\u00fdleti\u0161t\u011b v oblasti Krmpota. Pokud v\u00e1s va\u0161e cesty zavedou do Klenovice, nenechte si uj\u00edt n\u00e1v\u0161t\u011bvu z\u00e1zem\u00ed s kr\u00e1sn\u00fdmi vyhl\u00eddkami, kter\u00e9 v\u00e1s jist\u011b pot\u011b\u0161\u00ed.<\/p>\n<blockquote><p>&#8222;D\u00e1 se opr\u00e1vn\u011bn\u011b \u0159\u00edct, \u017ee cestovn\u00ed ruch zm\u011bnil tuto oblast, zv\u00fd\u0161il \u017eivotn\u00ed \u00farove\u0148 a transformoval kulturu \u017eivota lid\u00ed v tomto regionu, otev\u0159el nov\u00e9 pohledy, o kter\u00fdch se p\u0159ed pades\u00e1ti lety nemohlo ani sn\u00edt&#8220;.<\/p><\/blockquote>\n<p style=\"text-align: right;\">Zvonko Klalanj \/ \u00fasek z knihy Vinodolski Zbornik, Klenovica &#8211; vznik a v\u00fdvoj.<\/p>\n<p>[\/vc_column_text][vc_row_inner bottom_padding=&#8220;30px&#8220; css_animation=&#8220;bottom-to-top&#8220;][vc_column_inner width=&#8220;1\/4&#8243;][vc_single_image image=&#8220;230&#8243; img_size=&#8220;full&#8220; onclick=&#8220;img_link_large&#8220;][\/vc_column_inner][vc_column_inner width=&#8220;1\/4&#8243;][vc_single_image image=&#8220;225&#8243; img_size=&#8220;full&#8220; onclick=&#8220;img_link_large&#8220;][\/vc_column_inner][vc_column_inner width=&#8220;1\/4&#8243;][vc_single_image image=&#8220;228&#8243; img_size=&#8220;full&#8220; onclick=&#8220;img_link_large&#8220;][\/vc_column_inner][vc_column_inner width=&#8220;1\/4&#8243;][vc_single_image image=&#8220;224&#8243; img_size=&#8220;full&#8220; onclick=&#8220;img_link_large&#8220;][\/vc_column_inner][\/vc_row_inner][vc_row_inner css_animation=&#8220;bottom-to-top&#8220;][vc_column_inner width=&#8220;1\/4&#8243;][vc_single_image image=&#8220;231&#8243; img_size=&#8220;full&#8220; onclick=&#8220;img_link_large&#8220;][\/vc_column_inner][vc_column_inner width=&#8220;1\/4&#8243;][vc_single_image image=&#8220;229&#8243; img_size=&#8220;full&#8220; onclick=&#8220;img_link_large&#8220;][\/vc_column_inner][vc_column_inner width=&#8220;1\/4&#8243;][vc_single_image image=&#8220;227&#8243; img_size=&#8220;full&#8220; onclick=&#8220;img_link_large&#8220;][\/vc_column_inner][vc_column_inner width=&#8220;1\/4&#8243;][vc_single_image image=&#8220;232&#8243; img_size=&#8220;full&#8220; onclick=&#8220;img_link_large&#8220;][\/vc_column_inner][\/vc_row_inner][\/vc_column][\/vc_row]<\/p>\n<\/div>","protected":false},"excerpt":{"rendered":"<p>[vc_row top_padding=&#8220;90px&#8220; bottom_padding=&#8220;120px&#8220; bk_element=&#8220;image&#8220; el_class=&#8220;verve_retina&#8220; bg_image=&#8220;11&#8243;][vc_column width=&#8220;1\/1&#8243;][vc_column_text drop_cap=&#8220;yes&#8220; custom_css=&#8220;color: #ffffff; padding-bottom:50px;&#8220;]M\u011bste\u010dko Klenovica se nach\u00e1z\u00ed dev\u011bt kilometr\u016f ji\u017en\u011b od m\u00edsta Novi Vinodolski. Pr\u00e1v\u011b Klenovica je ta mal\u00e1 ryb\u00e1\u0159sk\u00e1 vesnice, kter\u00e1 sv\u00e9mu ryb\u00e1\u0159i a mo\u0159i vzdal velkou poctu. Pro obyvatele Klenovice mo\u0159e je tot\u00e9\u017e co \u017eivot. Nejlep\u0161\u00edm d\u016fkazem toho je pam\u00e1tn\u00edk \u017eij\u00edc\u00edmu ryb\u00e1\u0159i v p\u0159\u00edstavu. Dnes je [&hellip;]<\/p>\n","protected":false},"author":1,"featured_media":0,"parent":1236,"menu_order":1,"comment_status":"closed","ping_status":"closed","template":"","meta":{"footnotes":""},"class_list":["post-1242","page","type-page","status-publish","hentry"],"acf":[],"yoast_head":"<!-- This site is optimized with the Yoast SEO plugin v25.2 - https:\/\/yoast.com\/wordpress\/plugins\/seo\/ -->\n<title>O Klenovici - Beach and Sunset House Klenovica<\/title>\n<meta name=\"robots\" content=\"index, follow, max-snippet:-1, max-image-preview:large, max-video-preview:-1\" \/>\n<link rel=\"canonical\" href=\"https:\/\/beachandsunsethouse.com\/cs\/o-nas\/o-klenovici\/\" \/>\n<meta property=\"og:locale\" content=\"cs_CZ\" \/>\n<meta property=\"og:type\" content=\"article\" \/>\n<meta property=\"og:title\" content=\"O Klenovici - Beach and Sunset House Klenovica\" \/>\n<meta property=\"og:description\" content=\"[vc_row top_padding=&#8220;90px&#8220; bottom_padding=&#8220;120px&#8220; bk_element=&#8220;image&#8220; el_class=&#8220;verve_retina&#8220; bg_image=&#8220;11&#8243;][vc_column width=&#8220;1\/1&#8243;][vc_column_text drop_cap=&#8220;yes&#8220; custom_css=&#8220;color: #ffffff; padding-bottom:50px;&#8220;]M\u011bste\u010dko Klenovica se nach\u00e1z\u00ed dev\u011bt kilometr\u016f ji\u017en\u011b od m\u00edsta Novi Vinodolski. Pr\u00e1v\u011b Klenovica je ta mal\u00e1 ryb\u00e1\u0159sk\u00e1 vesnice, kter\u00e1 sv\u00e9mu ryb\u00e1\u0159i a mo\u0159i vzdal velkou poctu. Pro obyvatele Klenovice mo\u0159e je tot\u00e9\u017e co \u017eivot. Nejlep\u0161\u00edm d\u016fkazem toho je pam\u00e1tn\u00edk \u017eij\u00edc\u00edmu ryb\u00e1\u0159i v p\u0159\u00edstavu. Dnes je [&hellip;]\" \/>\n<meta property=\"og:url\" content=\"https:\/\/beachandsunsethouse.com\/cs\/o-nas\/o-klenovici\/\" \/>\n<meta property=\"og:site_name\" content=\"Beach and Sunset House Klenovica\" \/>\n<meta name=\"twitter:card\" content=\"summary_large_image\" \/>\n<meta name=\"twitter:label1\" content=\"Odhadovan\u00e1 doba \u010dten\u00ed\" \/>\n\t<meta name=\"twitter:data1\" content=\"3 minuty\" \/>\n<script type=\"application\/ld+json\" class=\"yoast-schema-graph\">{\"@context\":\"https:\/\/schema.org\",\"@graph\":[{\"@type\":\"WebPage\",\"@id\":\"https:\/\/beachandsunsethouse.com\/cs\/o-nas\/o-klenovici\/\",\"url\":\"https:\/\/beachandsunsethouse.com\/cs\/o-nas\/o-klenovici\/\",\"name\":\"O Klenovici - Beach and Sunset House Klenovica\",\"isPartOf\":{\"@id\":\"https:\/\/beachandsunsethouse.com\/cs\/#website\"},\"datePublished\":\"2016-09-10T10:49:45+00:00\",\"breadcrumb\":{\"@id\":\"https:\/\/beachandsunsethouse.com\/cs\/o-nas\/o-klenovici\/#breadcrumb\"},\"inLanguage\":\"cs\",\"potentialAction\":[{\"@type\":\"ReadAction\",\"target\":[\"https:\/\/beachandsunsethouse.com\/cs\/o-nas\/o-klenovici\/\"]}]},{\"@type\":\"BreadcrumbList\",\"@id\":\"https:\/\/beachandsunsethouse.com\/cs\/o-nas\/o-klenovici\/#breadcrumb\",\"itemListElement\":[{\"@type\":\"ListItem\",\"position\":1,\"name\":\"Po\u010detna stranica\",\"item\":\"https:\/\/beachandsunsethouse.com\/cs\/\"},{\"@type\":\"ListItem\",\"position\":2,\"name\":\"O N\u00c1S\",\"item\":\"https:\/\/beachandsunsethouse.com\/cs\/o-nas\/\"},{\"@type\":\"ListItem\",\"position\":3,\"name\":\"O Klenovici\"}]},{\"@type\":\"WebSite\",\"@id\":\"https:\/\/beachandsunsethouse.com\/cs\/#website\",\"url\":\"https:\/\/beachandsunsethouse.com\/cs\/\",\"name\":\"Beach and Sunset House Klenovica\",\"description\":\"\",\"potentialAction\":[{\"@type\":\"SearchAction\",\"target\":{\"@type\":\"EntryPoint\",\"urlTemplate\":\"https:\/\/beachandsunsethouse.com\/cs\/?s={search_term_string}\"},\"query-input\":{\"@type\":\"PropertyValueSpecification\",\"valueRequired\":true,\"valueName\":\"search_term_string\"}}],\"inLanguage\":\"cs\"}]}<\/script>\n<!-- \/ Yoast SEO plugin. -->","yoast_head_json":{"title":"O Klenovici - Beach and Sunset House Klenovica","robots":{"index":"index","follow":"follow","max-snippet":"max-snippet:-1","max-image-preview":"max-image-preview:large","max-video-preview":"max-video-preview:-1"},"canonical":"https:\/\/beachandsunsethouse.com\/cs\/o-nas\/o-klenovici\/","og_locale":"cs_CZ","og_type":"article","og_title":"O Klenovici - Beach and Sunset House Klenovica","og_description":"[vc_row top_padding=&#8220;90px&#8220; bottom_padding=&#8220;120px&#8220; bk_element=&#8220;image&#8220; el_class=&#8220;verve_retina&#8220; bg_image=&#8220;11&#8243;][vc_column width=&#8220;1\/1&#8243;][vc_column_text drop_cap=&#8220;yes&#8220; custom_css=&#8220;color: #ffffff; padding-bottom:50px;&#8220;]M\u011bste\u010dko Klenovica se nach\u00e1z\u00ed dev\u011bt kilometr\u016f ji\u017en\u011b od m\u00edsta Novi Vinodolski. Pr\u00e1v\u011b Klenovica je ta mal\u00e1 ryb\u00e1\u0159sk\u00e1 vesnice, kter\u00e1 sv\u00e9mu ryb\u00e1\u0159i a mo\u0159i vzdal velkou poctu. Pro obyvatele Klenovice mo\u0159e je tot\u00e9\u017e co \u017eivot. Nejlep\u0161\u00edm d\u016fkazem toho je pam\u00e1tn\u00edk \u017eij\u00edc\u00edmu ryb\u00e1\u0159i v p\u0159\u00edstavu. Dnes je [&hellip;]","og_url":"https:\/\/beachandsunsethouse.com\/cs\/o-nas\/o-klenovici\/","og_site_name":"Beach and Sunset House Klenovica","twitter_card":"summary_large_image","twitter_misc":{"Odhadovan\u00e1 doba \u010dten\u00ed":"3 minuty"},"schema":{"@context":"https:\/\/schema.org","@graph":[{"@type":"WebPage","@id":"https:\/\/beachandsunsethouse.com\/cs\/o-nas\/o-klenovici\/","url":"https:\/\/beachandsunsethouse.com\/cs\/o-nas\/o-klenovici\/","name":"O Klenovici - Beach and Sunset House Klenovica","isPartOf":{"@id":"https:\/\/beachandsunsethouse.com\/cs\/#website"},"datePublished":"2016-09-10T10:49:45+00:00","breadcrumb":{"@id":"https:\/\/beachandsunsethouse.com\/cs\/o-nas\/o-klenovici\/#breadcrumb"},"inLanguage":"cs","potentialAction":[{"@type":"ReadAction","target":["https:\/\/beachandsunsethouse.com\/cs\/o-nas\/o-klenovici\/"]}]},{"@type":"BreadcrumbList","@id":"https:\/\/beachandsunsethouse.com\/cs\/o-nas\/o-klenovici\/#breadcrumb","itemListElement":[{"@type":"ListItem","position":1,"name":"Po\u010detna stranica","item":"https:\/\/beachandsunsethouse.com\/cs\/"},{"@type":"ListItem","position":2,"name":"O N\u00c1S","item":"https:\/\/beachandsunsethouse.com\/cs\/o-nas\/"},{"@type":"ListItem","position":3,"name":"O Klenovici"}]},{"@type":"WebSite","@id":"https:\/\/beachandsunsethouse.com\/cs\/#website","url":"https:\/\/beachandsunsethouse.com\/cs\/","name":"Beach and Sunset House Klenovica","description":"","potentialAction":[{"@type":"SearchAction","target":{"@type":"EntryPoint","urlTemplate":"https:\/\/beachandsunsethouse.com\/cs\/?s={search_term_string}"},"query-input":{"@type":"PropertyValueSpecification","valueRequired":true,"valueName":"search_term_string"}}],"inLanguage":"cs"}]}},"_links":{"self":[{"href":"https:\/\/beachandsunsethouse.com\/cs\/wp-json\/wp\/v2\/pages\/1242","targetHints":{"allow":["GET"]}}],"collection":[{"href":"https:\/\/beachandsunsethouse.com\/cs\/wp-json\/wp\/v2\/pages"}],"about":[{"href":"https:\/\/beachandsunsethouse.com\/cs\/wp-json\/wp\/v2\/types\/page"}],"author":[{"embeddable":true,"href":"https:\/\/beachandsunsethouse.com\/cs\/wp-json\/wp\/v2\/users\/1"}],"replies":[{"embeddable":true,"href":"https:\/\/beachandsunsethouse.com\/cs\/wp-json\/wp\/v2\/comments?post=1242"}],"version-history":[{"count":0,"href":"https:\/\/beachandsunsethouse.com\/cs\/wp-json\/wp\/v2\/pages\/1242\/revisions"}],"up":[{"embeddable":true,"href":"https:\/\/beachandsunsethouse.com\/cs\/wp-json\/wp\/v2\/pages\/1236"}],"wp:attachment":[{"href":"https:\/\/beachandsunsethouse.com\/cs\/wp-json\/wp\/v2\/media?parent=1242"}],"curies":[{"name":"wp","href":"https:\/\/api.w.org\/{rel}","templated":true}]}}