{"id":1236,"date":"2016-09-10T12:16:25","date_gmt":"2016-09-10T10:16:25","guid":{"rendered":"https:\/\/beachandsunsethouse.com\/cs\/?page_id=1236"},"modified":"2016-09-14T10:10:05","modified_gmt":"2016-09-14T08:10:05","slug":"o-nas","status":"publish","type":"page","link":"https:\/\/beachandsunsethouse.com\/cs\/o-nas\/","title":{"rendered":"O N\u00c1S"},"content":{"rendered":"<div class=\"wpb-content-wrapper\"><p>[vc_row top_padding=&#8220;186px&#8220; bottom_padding=&#8220;196px&#8220; bk_element=&#8220;image&#8220; bg_image=&#8220;1422&#8243;][vc_column width=&#8220;1\/1&#8243;]<div class=\"prk_shortcode-title prk_break_word verve_center_align h1_sized\"><div class=\"header_font zero_color prk_vc_title\" style=\"color:#0ab6d1;text-shadow:0px 0px 1px rgba(10, 182, 209,0.2);\"><h1 style=\"font-weight:700;\"><strong>O N\u00c1S<\/strong><\/h1><\/div><div class=\"clearfix\"><\/div><\/div><div class=\"prk_shortcode-title prk_break_word verve_center_align h4_sized\"><div class=\"header_font zero_color prk_vc_title\" style=\"color:#ffffff;text-shadow:0px 0px 1px rgba(255, 255, 255,0.2);\"><h4 style=\"font-weight:700;\">V\u00edtejte na na\u0161em mal\u00e9m r\u00e1ji - Klenovica<\/h4><\/div><div class=\"clearfix\"><\/div><\/div>[\/vc_column][\/vc_row][vc_row top_padding=&#8220;72px&#8220; bottom_padding=&#8220;72px&#8220;][vc_column width=&#8220;1\/1&#8243;][vc_row_inner][vc_column_inner width=&#8220;1\/2&#8243;][vc_column_text drop_cap=&#8220;yes&#8220;]Jsme rodina, kter\u00e1 \u017eije ve m\u011bst\u011b, a kter\u00e1 se t\u011b\u0161\u00ed z ka\u017ed\u00e9ho okam\u017eiku, kdy m\u016f\u017ee uniknout do na\u0161eho mal\u00e9ho r\u00e1je v Klenovici.<\/p>\n<p>Tady jsme na\u0161li klid, kr\u00e1snou p\u0159\u00edrodu a \u010dist\u00fd vzduch, kde si na\u0161e d\u011bti bezstarostn\u011b hraj\u00ed, daleko od shonu.<\/p>\n<p>Jsme \u0161\u0165astn\u00fd, \u017ee m\u00e1me mo\u017enost str\u00e1vit kvalitn\u00ed \u010das s na\u0161imi hosty a p\u0159\u00e1teli v kr\u00e1sn\u00e9 mal\u00e9 vesnici, kde se nikdy nenud\u00edme.[\/vc_column_text]<div class=\"small-12 verve_gallery verve_gallery_default\"><div id=\"iso_gallery-1808\" class=\"iso_thirds iso_folio shortcoded per_init verve_iso_gallery no_titles_gallery\" style=\"margin-right:-5px;\" data-margin=5><div class=\"grid-sizer\"><\/div><div class=\"portfolio_entry_li without_skills\" style=\"padding-right:5px;padding-bottom:5px;\" data-mfp-src=\"https:\/\/beachandsunsethouse.com\/wp-content\/uploads\/Klenovica_08.jpg\" data-title=\"Klenovica_08\" data-caption=\"\"><div class=\"grid_image_wrapper\"><div class=\"centerized_father\"><div class=\"centerized_child\"><div class=\"grid_single_title zero_color\"><div class=\"prk_ttl\"><h3 class=\"header_font body_bk_color small\">Klenovica_08<\/h3><\/div> <\/div><\/div><\/div><div class=\"grid_colored_block\"><\/div><img loading=\"lazy\" decoding=\"async\" src=\"#\" data-src=\"https:\/\/beachandsunsethouse.com\/wp-content\/uploads\/Klenovica_08-480x480.jpg\" width=\"480\" height=\"480\" class=\"custom-img grid_image\" alt=\"Image Not Found On Media Library\" data-featured=\"no\" \/><\/div><\/div><div class=\"portfolio_entry_li without_skills\" style=\"padding-right:5px;padding-bottom:5px;\" data-mfp-src=\"https:\/\/beachandsunsethouse.com\/wp-content\/uploads\/Klenovica_03.jpg\" data-title=\"Klenovica_03\" data-caption=\"\"><div class=\"grid_image_wrapper\"><div class=\"centerized_father\"><div class=\"centerized_child\"><div class=\"grid_single_title zero_color\"><div class=\"prk_ttl\"><h3 class=\"header_font body_bk_color small\">Klenovica_03<\/h3><\/div> <\/div><\/div><\/div><div class=\"grid_colored_block\"><\/div><img loading=\"lazy\" decoding=\"async\" src=\"#\" data-src=\"https:\/\/beachandsunsethouse.com\/wp-content\/uploads\/Klenovica_03-480x480.jpg\" width=\"480\" height=\"480\" class=\"custom-img grid_image\" alt=\"Image Not Found On Media Library\" data-featured=\"no\" \/><\/div><\/div><div class=\"portfolio_entry_li without_skills\" style=\"padding-right:5px;padding-bottom:5px;\" data-mfp-src=\"https:\/\/beachandsunsethouse.com\/wp-content\/uploads\/Klenovica_06.jpg\" data-title=\"Klenovica_06\" data-caption=\"\"><div class=\"grid_image_wrapper\"><div class=\"centerized_father\"><div class=\"centerized_child\"><div class=\"grid_single_title zero_color\"><div class=\"prk_ttl\"><h3 class=\"header_font body_bk_color small\">Klenovica_06<\/h3><\/div> <\/div><\/div><\/div><div class=\"grid_colored_block\"><\/div><img loading=\"lazy\" decoding=\"async\" src=\"#\" data-src=\"https:\/\/beachandsunsethouse.com\/wp-content\/uploads\/Klenovica_06-480x480.jpg\" width=\"480\" height=\"480\" class=\"custom-img grid_image\" alt=\"Image Not Found On Media Library\" data-featured=\"no\" \/><\/div><\/div><div class=\"portfolio_entry_li without_skills\" style=\"padding-right:5px;padding-bottom:5px;\" data-mfp-src=\"https:\/\/beachandsunsethouse.com\/wp-content\/uploads\/Klenovica_04.jpg\" data-title=\"Klenovica_04\" data-caption=\"\"><div class=\"grid_image_wrapper\"><div class=\"centerized_father\"><div class=\"centerized_child\"><div class=\"grid_single_title zero_color\"><div class=\"prk_ttl\"><h3 class=\"header_font body_bk_color small\">Klenovica_04<\/h3><\/div> <\/div><\/div><\/div><div class=\"grid_colored_block\"><\/div><img loading=\"lazy\" decoding=\"async\" src=\"#\" data-src=\"https:\/\/beachandsunsethouse.com\/wp-content\/uploads\/Klenovica_04-480x480.jpg\" width=\"480\" height=\"480\" class=\"custom-img grid_image\" alt=\"Image Not Found On Media Library\" data-featured=\"no\" \/><\/div><\/div><div class=\"portfolio_entry_li without_skills\" style=\"padding-right:5px;padding-bottom:5px;\" data-mfp-src=\"https:\/\/beachandsunsethouse.com\/wp-content\/uploads\/Klenovica_09.jpg\" data-title=\"Klenovica_09\" data-caption=\"\"><div class=\"grid_image_wrapper\"><div class=\"centerized_father\"><div class=\"centerized_child\"><div class=\"grid_single_title zero_color\"><div class=\"prk_ttl\"><h3 class=\"header_font body_bk_color small\">Klenovica_09<\/h3><\/div> <\/div><\/div><\/div><div class=\"grid_colored_block\"><\/div><img loading=\"lazy\" decoding=\"async\" src=\"#\" data-src=\"https:\/\/beachandsunsethouse.com\/wp-content\/uploads\/Klenovica_09-480x480.jpg\" width=\"480\" height=\"480\" class=\"custom-img grid_image\" alt=\"Image Not Found On Media Library\" data-featured=\"no\" \/><\/div><\/div><div class=\"portfolio_entry_li without_skills\" style=\"padding-right:5px;padding-bottom:5px;\" data-mfp-src=\"https:\/\/beachandsunsethouse.com\/wp-content\/uploads\/Klenovica_10.jpg\" data-title=\"Klenovica_10\" data-caption=\"\"><div class=\"grid_image_wrapper\"><div class=\"centerized_father\"><div class=\"centerized_child\"><div class=\"grid_single_title zero_color\"><div class=\"prk_ttl\"><h3 class=\"header_font body_bk_color small\">Klenovica_10<\/h3><\/div> <\/div><\/div><\/div><div class=\"grid_colored_block\"><\/div><img loading=\"lazy\" decoding=\"async\" src=\"#\" data-src=\"https:\/\/beachandsunsethouse.com\/wp-content\/uploads\/Klenovica_10-480x480.jpg\" width=\"480\" height=\"480\" class=\"custom-img grid_image\" alt=\"Image Not Found On Media Library\" data-featured=\"no\" \/><\/div><\/div><\/div><\/div><div class=\"clearfix\"><\/div>[\/vc_column_inner][vc_column_inner width=&#8220;1\/2&#8243;][vc_column_text]<iframe loading=\"lazy\" src=\"https:\/\/www.google.com\/maps\/d\/u\/0\/embed?mid=16YfYSBkCN36G6zEwJKtmpxoCw_g\" width=\"100%\" height=\"610\"><\/iframe>[\/vc_column_text][\/vc_column_inner][\/vc_row_inner]<div class=\"verve_spacer clearfix\" style=\"margin-top:px;\"><\/div>[\/vc_column][\/vc_row][vc_row top_padding=&#8220;90px&#8220; bottom_padding=&#8220;82px&#8220; bk_element=&#8220;image&#8220; el_class=&#8220;verve_retina&#8220; bg_image=&#8220;11&#8243;][vc_column width=&#8220;1\/1&#8243;]<div class=\"prk_shortcode-title prk_break_word verve_center_align wpb_animate_when_almost_visible wpb_bottom-to-top h2_sized\"><div class=\"header_font zero_color prk_vc_title\" style=\"color:#ffffff;text-shadow:0px 0px 1px rgba(255, 255, 255,0.2);margin-bottom:28px;\"><h2 style=\"font-weight:600;\">O KLENOVICI<\/h2><\/div><div class=\"simple_line colored thin columns small-centered forced_mobile\" style=\"width:70px;\"><\/div><div class=\"clearfix\"><\/div><\/div>[vc_column_text drop_cap=&#8220;yes&#8220; custom_css=&#8220;color: #ffffff;&#8220;]M\u011bste\u010dko Klenovica se nach\u00e1z\u00ed dev\u011bt kilometr\u016f ji\u017en\u011b od m\u00edsta Novi Vinodolski. Pr\u00e1v\u011b Klenovica je ta mal\u00e1 ryb\u00e1\u0159sk\u00e1 vesnice, kter\u00e1 sv\u00e9mu ryb\u00e1\u0159i a mo\u0159i vzdal velkou poctu. Pro obyvatele Klenovice mo\u0159e je tot\u00e9\u017e co \u017eivot. Nejlep\u0161\u00edm d\u016fkazem toho je pam\u00e1tn\u00edk \u017eij\u00edc\u00edmu ryb\u00e1\u0159i v p\u0159\u00edstavu.<\/p>\n<p>Dnes je Klenovica zn\u00e1m\u011bj\u0161\u00ed jako turistick\u00e9 letovisko, ide\u00e1ln\u00ed pro odpo\u010dinek a rekreaci, jeho\u017e hlavn\u00edm rysem je \u010distota mo\u0159e a krajiny. V minulosti, soud\u011b podle po\u010dtu lovn\u00fdch za\u0159\u00edzen\u00ed na tu\u0148aky, lov tu\u0148\u00e1k\u016f byl nejd\u016fle\u017eit\u011bj\u0161\u00ed formou rybolovu v t\u00e9to oblasti.<\/p>\n<p>D\u016fkazem toho jsou op\u011bt funk\u010dn\u00e9 str\u00e1\u017en\u00ed v\u011b\u017ee na lov tu\u0148\u00e1k\u016f, kter\u00e9 byly odebr\u00e1ny pades\u00e1t\u00fdch let. Jsou symbolem t\u011b\u017ek\u00e9ho \u017eivota ryb\u00e1\u0159\u016f a n\u00e1mo\u0159n\u00edk\u016f. Jedna z nich se nach\u00e1z\u00ed na ostr\u016fvku Sv. Antona, kter\u00fd se zd\u00e1 jako poloostrov, proto\u017ee cesta k\u00a0n\u011bmu byla zasyp\u00e1na obrovsk\u00fdm kamen\u00edm.<\/p>\n<p>T\u00edmto zp\u016fsobem klenovarsk\u00e9 pl\u00e1\u017ee, jakoby dostali jakousi ochranu p\u0159ed mo\u0159sk\u00fdmi \u00fadery a siln\u00fdmi b\u00f3rami, foukaj\u00edc\u00ed zde mimo\u0159\u00e1dn\u011b siln\u011b v zimn\u00edch m\u011bs\u00edc\u00edch. Vegetace je charakterizov\u00e1na pustotou p\u016fdy s enkl\u00e1vami degradovan\u00fdch krasov\u00fdch h\u00e1j\u016f javora poln\u00edho, dub p\u00fd\u0159it\u00e9ho, habru b\u00edl\u00e9ho a \u010derven\u00e9ho a jasnu \u010dern\u00e9ho.<\/p>\n<p>Poc\u00edt\u00edte i v\u016fni borovice \u010dern\u00e9, kter\u00e1 je v t\u00e9to oblasti um\u011ble vznikla. Klenovici na severn\u00ed stran\u011b st\u00e1le chr\u00e1n\u00ed zalesn\u011bn\u00e9 z\u00e1zem\u00ed a turisty l\u00e1kaj\u00ed v\u00fdleti\u0161t\u011b v oblasti Krmpota. Pokud v\u00e1s va\u0161e cesty zavedou do Klenovice, nenechte si uj\u00edt n\u00e1v\u0161t\u011bvu z\u00e1zem\u00ed s kr\u00e1sn\u00fdmi vyhl\u00eddkami, kter\u00e9 v\u00e1s jist\u011b pot\u011b\u0161\u00ed.<\/p>\n<blockquote><p>&#8222;D\u00e1 se opr\u00e1vn\u011bn\u011b \u0159\u00edct, \u017ee cestovn\u00ed ruch zm\u011bnil tuto oblast, zv\u00fd\u0161il \u017eivotn\u00ed \u00farove\u0148 a transformoval kulturu \u017eivota lid\u00ed v tomto regionu, otev\u0159el nov\u00e9 pohledy, o kter\u00fdch se p\u0159ed pades\u00e1ti lety nemohlo ani sn\u00edt&#8220;.<\/p><\/blockquote>\n<p style=\"text-align: right;\">Zvonko Klalanj \/ \u00fasek z knihy Vinodolski Zbornik, Klenovica &#8211; vznik a v\u00fdvoj.<\/p>\n<p>[\/vc_column_text][vc_row_inner css_animation=&#8220;bottom-to-top&#8220;][vc_column_inner width=&#8220;1\/4&#8243;][vc_single_image image=&#8220;230&#8243; img_size=&#8220;full&#8220; onclick=&#8220;img_link_large&#8220;][\/vc_column_inner][vc_column_inner width=&#8220;1\/4&#8243;][vc_single_image image=&#8220;225&#8243; img_size=&#8220;full&#8220; onclick=&#8220;img_link_large&#8220;][\/vc_column_inner][vc_column_inner width=&#8220;1\/4&#8243;][vc_single_image image=&#8220;228&#8243; img_size=&#8220;full&#8220; onclick=&#8220;img_link_large&#8220;][\/vc_column_inner][vc_column_inner width=&#8220;1\/4&#8243;][vc_single_image image=&#8220;224&#8243; img_size=&#8220;full&#8220; onclick=&#8220;img_link_large&#8220;][\/vc_column_inner][\/vc_row_inner][\/vc_column][\/vc_row]<\/p>\n<\/div>","protected":false},"excerpt":{"rendered":"<p>[vc_row top_padding=&#8220;186px&#8220; bottom_padding=&#8220;196px&#8220; bk_element=&#8220;image&#8220; bg_image=&#8220;1422&#8243;][vc_column width=&#8220;1\/1&#8243;][\/vc_column][\/vc_row][vc_row top_padding=&#8220;72px&#8220; bottom_padding=&#8220;72px&#8220;][vc_column width=&#8220;1\/1&#8243;][vc_row_inner][vc_column_inner width=&#8220;1\/2&#8243;][vc_column_text drop_cap=&#8220;yes&#8220;]Jsme rodina, kter\u00e1 \u017eije ve m\u011bst\u011b, a kter\u00e1 se t\u011b\u0161\u00ed z ka\u017ed\u00e9ho okam\u017eiku, kdy m\u016f\u017ee uniknout do na\u0161eho mal\u00e9ho r\u00e1je v Klenovici. Tady jsme na\u0161li klid, kr\u00e1snou p\u0159\u00edrodu a \u010dist\u00fd vzduch, kde si na\u0161e d\u011bti bezstarostn\u011b hraj\u00ed, daleko od shonu. Jsme \u0161\u0165astn\u00fd, \u017ee m\u00e1me mo\u017enost [&hellip;]<\/p>\n","protected":false},"author":1,"featured_media":0,"parent":0,"menu_order":2,"comment_status":"closed","ping_status":"closed","template":"","meta":{"footnotes":""},"class_list":["post-1236","page","type-page","status-publish","hentry"],"acf":[],"yoast_head":"<!-- This site is optimized with the Yoast SEO plugin v25.2 - https:\/\/yoast.com\/wordpress\/plugins\/seo\/ -->\n<title>O N\u00c1S - Beach and Sunset House Klenovica<\/title>\n<meta name=\"robots\" content=\"index, follow, max-snippet:-1, max-image-preview:large, max-video-preview:-1\" \/>\n<link rel=\"canonical\" href=\"https:\/\/beachandsunsethouse.com\/cs\/o-nas\/\" \/>\n<meta property=\"og:locale\" content=\"cs_CZ\" \/>\n<meta property=\"og:type\" content=\"article\" \/>\n<meta property=\"og:title\" content=\"O N\u00c1S - Beach and Sunset House Klenovica\" \/>\n<meta property=\"og:description\" content=\"[vc_row top_padding=&#8220;186px&#8220; bottom_padding=&#8220;196px&#8220; bk_element=&#8220;image&#8220; bg_image=&#8220;1422&#8243;][vc_column width=&#8220;1\/1&#8243;][\/vc_column][\/vc_row][vc_row top_padding=&#8220;72px&#8220; bottom_padding=&#8220;72px&#8220;][vc_column width=&#8220;1\/1&#8243;][vc_row_inner][vc_column_inner width=&#8220;1\/2&#8243;][vc_column_text drop_cap=&#8220;yes&#8220;]Jsme rodina, kter\u00e1 \u017eije ve m\u011bst\u011b, a kter\u00e1 se t\u011b\u0161\u00ed z ka\u017ed\u00e9ho okam\u017eiku, kdy m\u016f\u017ee uniknout do na\u0161eho mal\u00e9ho r\u00e1je v Klenovici. Tady jsme na\u0161li klid, kr\u00e1snou p\u0159\u00edrodu a \u010dist\u00fd vzduch, kde si na\u0161e d\u011bti bezstarostn\u011b hraj\u00ed, daleko od shonu. Jsme \u0161\u0165astn\u00fd, \u017ee m\u00e1me mo\u017enost [&hellip;]\" \/>\n<meta property=\"og:url\" content=\"https:\/\/beachandsunsethouse.com\/cs\/o-nas\/\" \/>\n<meta property=\"og:site_name\" content=\"Beach and Sunset House Klenovica\" \/>\n<meta property=\"article:modified_time\" content=\"2016-09-14T08:10:05+00:00\" \/>\n<meta name=\"twitter:card\" content=\"summary_large_image\" \/>\n<meta name=\"twitter:label1\" content=\"Odhadovan\u00e1 doba \u010dten\u00ed\" \/>\n\t<meta name=\"twitter:data1\" content=\"4 minuty\" \/>\n<script type=\"application\/ld+json\" class=\"yoast-schema-graph\">{\"@context\":\"https:\/\/schema.org\",\"@graph\":[{\"@type\":\"WebPage\",\"@id\":\"https:\/\/beachandsunsethouse.com\/cs\/o-nas\/\",\"url\":\"https:\/\/beachandsunsethouse.com\/cs\/o-nas\/\",\"name\":\"O N\u00c1S - Beach and Sunset House Klenovica\",\"isPartOf\":{\"@id\":\"https:\/\/beachandsunsethouse.com\/cs\/#website\"},\"datePublished\":\"2016-09-10T10:16:25+00:00\",\"dateModified\":\"2016-09-14T08:10:05+00:00\",\"breadcrumb\":{\"@id\":\"https:\/\/beachandsunsethouse.com\/cs\/o-nas\/#breadcrumb\"},\"inLanguage\":\"cs\",\"potentialAction\":[{\"@type\":\"ReadAction\",\"target\":[\"https:\/\/beachandsunsethouse.com\/cs\/o-nas\/\"]}]},{\"@type\":\"BreadcrumbList\",\"@id\":\"https:\/\/beachandsunsethouse.com\/cs\/o-nas\/#breadcrumb\",\"itemListElement\":[{\"@type\":\"ListItem\",\"position\":1,\"name\":\"Po\u010detna stranica\",\"item\":\"https:\/\/beachandsunsethouse.com\/cs\/\"},{\"@type\":\"ListItem\",\"position\":2,\"name\":\"O N\u00c1S\"}]},{\"@type\":\"WebSite\",\"@id\":\"https:\/\/beachandsunsethouse.com\/cs\/#website\",\"url\":\"https:\/\/beachandsunsethouse.com\/cs\/\",\"name\":\"Beach and Sunset House Klenovica\",\"description\":\"\",\"potentialAction\":[{\"@type\":\"SearchAction\",\"target\":{\"@type\":\"EntryPoint\",\"urlTemplate\":\"https:\/\/beachandsunsethouse.com\/cs\/?s={search_term_string}\"},\"query-input\":{\"@type\":\"PropertyValueSpecification\",\"valueRequired\":true,\"valueName\":\"search_term_string\"}}],\"inLanguage\":\"cs\"}]}<\/script>\n<!-- \/ Yoast SEO plugin. -->","yoast_head_json":{"title":"O N\u00c1S - Beach and Sunset House Klenovica","robots":{"index":"index","follow":"follow","max-snippet":"max-snippet:-1","max-image-preview":"max-image-preview:large","max-video-preview":"max-video-preview:-1"},"canonical":"https:\/\/beachandsunsethouse.com\/cs\/o-nas\/","og_locale":"cs_CZ","og_type":"article","og_title":"O N\u00c1S - Beach and Sunset House Klenovica","og_description":"[vc_row top_padding=&#8220;186px&#8220; bottom_padding=&#8220;196px&#8220; bk_element=&#8220;image&#8220; bg_image=&#8220;1422&#8243;][vc_column width=&#8220;1\/1&#8243;][\/vc_column][\/vc_row][vc_row top_padding=&#8220;72px&#8220; bottom_padding=&#8220;72px&#8220;][vc_column width=&#8220;1\/1&#8243;][vc_row_inner][vc_column_inner width=&#8220;1\/2&#8243;][vc_column_text drop_cap=&#8220;yes&#8220;]Jsme rodina, kter\u00e1 \u017eije ve m\u011bst\u011b, a kter\u00e1 se t\u011b\u0161\u00ed z ka\u017ed\u00e9ho okam\u017eiku, kdy m\u016f\u017ee uniknout do na\u0161eho mal\u00e9ho r\u00e1je v Klenovici. Tady jsme na\u0161li klid, kr\u00e1snou p\u0159\u00edrodu a \u010dist\u00fd vzduch, kde si na\u0161e d\u011bti bezstarostn\u011b hraj\u00ed, daleko od shonu. Jsme \u0161\u0165astn\u00fd, \u017ee m\u00e1me mo\u017enost [&hellip;]","og_url":"https:\/\/beachandsunsethouse.com\/cs\/o-nas\/","og_site_name":"Beach and Sunset House Klenovica","article_modified_time":"2016-09-14T08:10:05+00:00","twitter_card":"summary_large_image","twitter_misc":{"Odhadovan\u00e1 doba \u010dten\u00ed":"4 minuty"},"schema":{"@context":"https:\/\/schema.org","@graph":[{"@type":"WebPage","@id":"https:\/\/beachandsunsethouse.com\/cs\/o-nas\/","url":"https:\/\/beachandsunsethouse.com\/cs\/o-nas\/","name":"O N\u00c1S - Beach and Sunset House Klenovica","isPartOf":{"@id":"https:\/\/beachandsunsethouse.com\/cs\/#website"},"datePublished":"2016-09-10T10:16:25+00:00","dateModified":"2016-09-14T08:10:05+00:00","breadcrumb":{"@id":"https:\/\/beachandsunsethouse.com\/cs\/o-nas\/#breadcrumb"},"inLanguage":"cs","potentialAction":[{"@type":"ReadAction","target":["https:\/\/beachandsunsethouse.com\/cs\/o-nas\/"]}]},{"@type":"BreadcrumbList","@id":"https:\/\/beachandsunsethouse.com\/cs\/o-nas\/#breadcrumb","itemListElement":[{"@type":"ListItem","position":1,"name":"Po\u010detna stranica","item":"https:\/\/beachandsunsethouse.com\/cs\/"},{"@type":"ListItem","position":2,"name":"O N\u00c1S"}]},{"@type":"WebSite","@id":"https:\/\/beachandsunsethouse.com\/cs\/#website","url":"https:\/\/beachandsunsethouse.com\/cs\/","name":"Beach and Sunset House Klenovica","description":"","potentialAction":[{"@type":"SearchAction","target":{"@type":"EntryPoint","urlTemplate":"https:\/\/beachandsunsethouse.com\/cs\/?s={search_term_string}"},"query-input":{"@type":"PropertyValueSpecification","valueRequired":true,"valueName":"search_term_string"}}],"inLanguage":"cs"}]}},"_links":{"self":[{"href":"https:\/\/beachandsunsethouse.com\/cs\/wp-json\/wp\/v2\/pages\/1236","targetHints":{"allow":["GET"]}}],"collection":[{"href":"https:\/\/beachandsunsethouse.com\/cs\/wp-json\/wp\/v2\/pages"}],"about":[{"href":"https:\/\/beachandsunsethouse.com\/cs\/wp-json\/wp\/v2\/types\/page"}],"author":[{"embeddable":true,"href":"https:\/\/beachandsunsethouse.com\/cs\/wp-json\/wp\/v2\/users\/1"}],"replies":[{"embeddable":true,"href":"https:\/\/beachandsunsethouse.com\/cs\/wp-json\/wp\/v2\/comments?post=1236"}],"version-history":[{"count":0,"href":"https:\/\/beachandsunsethouse.com\/cs\/wp-json\/wp\/v2\/pages\/1236\/revisions"}],"wp:attachment":[{"href":"https:\/\/beachandsunsethouse.com\/cs\/wp-json\/wp\/v2\/media?parent=1236"}],"curies":[{"name":"wp","href":"https:\/\/api.w.org\/{rel}","templated":true}]}}